{"id":4486,"date":"2023-06-21T20:29:46","date_gmt":"2023-06-22T00:29:46","guid":{"rendered":"https:\/\/easylabel.com\/ueber-tharo\/"},"modified":"2025-01-02T12:32:55","modified_gmt":"2025-01-02T17:32:55","slug":"about-tharo","status":"publish","type":"page","link":"https:\/\/easylabel.com\/de\/about-tharo\/","title":{"rendered":"\u00dcber Tharo"},"content":{"rendered":"\t\t<div data-elementor-type=\"wp-page\" data-elementor-id=\"4486\" class=\"elementor elementor-4486 elementor-69\" data-elementor-settings=\"{&quot;element_pack_global_tooltip_width&quot;:{&quot;unit&quot;:&quot;px&quot;,&quot;size&quot;:&quot;&quot;,&quot;sizes&quot;:[]},&quot;element_pack_global_tooltip_width_tablet&quot;:{&quot;unit&quot;:&quot;px&quot;,&quot;size&quot;:&quot;&quot;,&quot;sizes&quot;:[]},&quot;element_pack_global_tooltip_width_mobile&quot;:{&quot;unit&quot;:&quot;px&quot;,&quot;size&quot;:&quot;&quot;,&quot;sizes&quot;:[]},&quot;element_pack_global_tooltip_padding&quot;:{&quot;unit&quot;:&quot;px&quot;,&quot;top&quot;:&quot;&quot;,&quot;right&quot;:&quot;&quot;,&quot;bottom&quot;:&quot;&quot;,&quot;left&quot;:&quot;&quot;,&quot;isLinked&quot;:true},&quot;element_pack_global_tooltip_padding_tablet&quot;:{&quot;unit&quot;:&quot;px&quot;,&quot;top&quot;:&quot;&quot;,&quot;right&quot;:&quot;&quot;,&quot;bottom&quot;:&quot;&quot;,&quot;left&quot;:&quot;&quot;,&quot;isLinked&quot;:true},&quot;element_pack_global_tooltip_padding_mobile&quot;:{&quot;unit&quot;:&quot;px&quot;,&quot;top&quot;:&quot;&quot;,&quot;right&quot;:&quot;&quot;,&quot;bottom&quot;:&quot;&quot;,&quot;left&quot;:&quot;&quot;,&quot;isLinked&quot;:true},&quot;element_pack_global_tooltip_border_radius&quot;:{&quot;unit&quot;:&quot;px&quot;,&quot;top&quot;:&quot;&quot;,&quot;right&quot;:&quot;&quot;,&quot;bottom&quot;:&quot;&quot;,&quot;left&quot;:&quot;&quot;,&quot;isLinked&quot;:true},&quot;element_pack_global_tooltip_border_radius_tablet&quot;:{&quot;unit&quot;:&quot;px&quot;,&quot;top&quot;:&quot;&quot;,&quot;right&quot;:&quot;&quot;,&quot;bottom&quot;:&quot;&quot;,&quot;left&quot;:&quot;&quot;,&quot;isLinked&quot;:true},&quot;element_pack_global_tooltip_border_radius_mobile&quot;:{&quot;unit&quot;:&quot;px&quot;,&quot;top&quot;:&quot;&quot;,&quot;right&quot;:&quot;&quot;,&quot;bottom&quot;:&quot;&quot;,&quot;left&quot;:&quot;&quot;,&quot;isLinked&quot;:true}}\" data-elementor-post-type=\"page\">\n\t\t\t\t<div class=\"elementor-element elementor-element-2ae1af0 e-flex e-con-boxed e-con e-parent\" data-id=\"2ae1af0\" data-element_type=\"container\">\n\t\t\t\t\t<div class=\"e-con-inner\">\n\t\t<div class=\"elementor-element elementor-element-c12e2bc e-flex e-con-boxed e-con e-child\" data-id=\"c12e2bc\" data-element_type=\"container\">\n\t\t\t\t\t<div class=\"e-con-inner\">\n\t\t\t\t<div class=\"elementor-element elementor-element-70d79d2 elementor-widget elementor-widget-image\" data-id=\"70d79d2\" data-element_type=\"widget\" data-widget_type=\"image.default\">\n\t\t\t\t<div class=\"elementor-widget-container\">\n\t\t\t\t\t\t\t\t\t\t\t\t\t\t\t<img fetchpriority=\"high\" decoding=\"async\" width=\"534\" height=\"172\" src=\"https:\/\/easylabel.com\/wp-content\/uploads\/2023\/08\/building.jpg\" class=\"attachment-full size-full wp-image-4449\" alt=\"\" srcset=\"https:\/\/easylabel.com\/wp-content\/uploads\/2023\/08\/building.jpg 534w, https:\/\/easylabel.com\/wp-content\/uploads\/2023\/08\/building-300x97.jpg 300w\" sizes=\"(max-width: 534px) 100vw, 534px\" \/>\t\t\t\t\t\t\t\t\t\t\t\t\t\t\t<\/div>\n\t\t\t\t<\/div>\n\t\t\t\t<div class=\"elementor-element elementor-element-169adb4 elementor-widget__width-initial elementor-widget-tablet__width-initial elementor-widget-mobile__width-initial elementor-widget elementor-widget-text-editor\" data-id=\"169adb4\" data-element_type=\"widget\" data-widget_type=\"text-editor.default\">\n\t\t\t\t<div class=\"elementor-widget-container\">\n\t\t\t\t\t\t\t\t\t<p><strong>Tharo Systems, Inc.<\/strong> ist seit 1982 weltweit f\u00fchrend in der automatischen Identifikationsindustrie.<\/p>\n<p>Tharo ist der Autor der EASYLABEL\u00ae Software, der meistverkauften und leistungsst\u00e4rksten Etikettendesignsoftware der Welt. Es gibt \u00fcber 119.000 Exemplare in fast jedem Land der Welt. Tharo hat sein Fachwissen in die Entwicklung der T-Serie und H-Serie f\u00fcr hohe Beanspruchung und der preisg\u00fcnstigen V-Serie f\u00fcr Thermotransferetiketten eingebracht. Diese Drucker sind einfach die besten Drucker mit dem besten Preis-Leistungs-Verh\u00e4ltnis auf dem Markt. Tharo ist Master-Distributor f\u00fcr DNP\u00ae Thermotransfer-Farbb\u00e4nder.<\/p>\n<p>Die Produkte von Tharo Systems werden von Hunderttausenden von Unternehmen weltweit eingesetzt.  <br \/>Wir hoffen, dass auch Sie zu unseren zufriedenen Kunden geh\u00f6ren werden.<\/p>\n\t\t\t\t\t\t\t\t<\/div>\n\t\t\t\t<\/div>\n\t\t\t\t\t<\/div>\n\t\t\t\t<\/div>\n\t\t\t\t\t<\/div>\n\t\t\t\t<\/div>\n\t\t<div class=\"elementor-element elementor-element-ed305f5 elementor-hidden-desktop elementor-hidden-tablet elementor-hidden-mobile e-flex e-con-boxed e-con e-parent\" data-id=\"ed305f5\" data-element_type=\"container\">\n\t\t\t\t\t<div class=\"e-con-inner\">\n\t\t\t\t<div class=\"elementor-element elementor-element-3f4a195 elementor-widget elementor-widget-bdt-timeline\" data-id=\"3f4a195\" data-element_type=\"widget\" data-widget_type=\"bdt-timeline.bdt-olivier\">\n\t\t\t\t<div class=\"elementor-widget-container\">\n\t\t\t\t\t\t\t\t<div class=\"bdt-timeline bdt-timeline-skin-olivier\" data-visible_items=\"4\">\n\t\t\t\t<div class=\"bdt-timeline-wrapper\">\n\t\t\t\t\t<div class=\"bdt-timeline-items\">\n\n\t\t\t\t\t\t\t\t\t\t\t\t\t\n\t\t\t\t\t\t\n\t\t\t\t\t\t\t<div class=\"bdt-timeline-item\">\n\t\t\t\t\t\t\t\t<div class=\"bdt-timeline-content\">\n\t\t\t\t\t\t\t\t\t\t\t<div class=\"bdt-timeline-item-main elementor-repeater-item-\" >\n\t\t\t<span class=\"bdt-timeline-arrow\"><\/span>\n\n\t\t\t\n\t\t\t<div class=\"bdt-timeline-desc bdt-padding\">\n\t\t\t\t\t\t<h4\t\t\tclass=\"bdt-timeline-title\">\n\t\t\t\t\t\t\t<a href=\"https:\/\/easylabel.com\/de\/timeline\/2015\/\" title=\"2015\">\n\t\t\t\t\t2015\t\t\t\t<\/a>\n\t\t\t\t\t<\/h4>\n\t\t\t\t\t\t\t\t\t\t\t\t\t\t\t\t\t<\/div>\n\t\t<\/div>\n\t\t\t\t\t\t\t\t\t\t<\/div>\n\t\t\t\t\t\t\t<\/div>\n\n\t\t\t\t\t\t\t\t\t\t\t\t\t\n\t\t\t\t\t\t\n\t\t\t\t\t\t\t<div class=\"bdt-timeline-item\">\n\t\t\t\t\t\t\t\t<div class=\"bdt-timeline-content\">\n\t\t\t\t\t\t\t\t\t\t\t<div class=\"bdt-timeline-item-main elementor-repeater-item-\" >\n\t\t\t<span class=\"bdt-timeline-arrow\"><\/span>\n\n\t\t\t\n\t\t\t<div class=\"bdt-timeline-desc bdt-padding\">\n\t\t\t\t\t\t<h4\t\t\tclass=\"bdt-timeline-title\">\n\t\t\t\t\t\t\t<a href=\"https:\/\/easylabel.com\/de\/timeline\/2013\/\" title=\"2013\">\n\t\t\t\t\t2013\t\t\t\t<\/a>\n\t\t\t\t\t<\/h4>\n\t\t\t\t\t\t\t\t\t\t\t\t\t\t\t\t\t<\/div>\n\t\t<\/div>\n\t\t\t\t\t\t\t\t\t\t<\/div>\n\t\t\t\t\t\t\t<\/div>\n\n\t\t\t\t\t\t\t\t\t\t\t\t\t\n\t\t\t\t\t\t\n\t\t\t\t\t\t\t<div class=\"bdt-timeline-item\">\n\t\t\t\t\t\t\t\t<div class=\"bdt-timeline-content\">\n\t\t\t\t\t\t\t\t\t\t\t<div class=\"bdt-timeline-item-main elementor-repeater-item-\" >\n\t\t\t<span class=\"bdt-timeline-arrow\"><\/span>\n\n\t\t\t\n\t\t\t<div class=\"bdt-timeline-desc bdt-padding\">\n\t\t\t\t\t\t<h4\t\t\tclass=\"bdt-timeline-title\">\n\t\t\t\t\t\t\t<a href=\"https:\/\/easylabel.com\/de\/timeline\/2010\/\" title=\"2010\">\n\t\t\t\t\t2010\t\t\t\t<\/a>\n\t\t\t\t\t<\/h4>\n\t\t\t\t\t\t\t\t\t\t\t\t\t\t\t\t\t<\/div>\n\t\t<\/div>\n\t\t\t\t\t\t\t\t\t\t<\/div>\n\t\t\t\t\t\t\t<\/div>\n\n\t\t\t\t\t\t\t\t\t\t\t\t\t\n\t\t\t\t\t\t\n\t\t\t\t\t\t\t<div class=\"bdt-timeline-item\">\n\t\t\t\t\t\t\t\t<div class=\"bdt-timeline-content\">\n\t\t\t\t\t\t\t\t\t\t\t<div class=\"bdt-timeline-item-main elementor-repeater-item-\" >\n\t\t\t<span class=\"bdt-timeline-arrow\"><\/span>\n\n\t\t\t\n\t\t\t<div class=\"bdt-timeline-desc bdt-padding\">\n\t\t\t\t\t\t<h4\t\t\tclass=\"bdt-timeline-title\">\n\t\t\t\t\t\t\t<a href=\"https:\/\/easylabel.com\/de\/timeline\/2009\/\" title=\"2009\">\n\t\t\t\t\t2009\t\t\t\t<\/a>\n\t\t\t\t\t<\/h4>\n\t\t\t\t\t\t\t\t\t\t\t\t\t\t\t\t\t<\/div>\n\t\t<\/div>\n\t\t\t\t\t\t\t\t\t\t<\/div>\n\t\t\t\t\t\t\t<\/div>\n\n\t\t\t\t\t\t\t\t\t\t\t\t\t\n\t\t\t\t\t\t\n\t\t\t\t\t\t\t<div class=\"bdt-timeline-item\">\n\t\t\t\t\t\t\t\t<div class=\"bdt-timeline-content\">\n\t\t\t\t\t\t\t\t\t\t\t<div class=\"bdt-timeline-item-main elementor-repeater-item-\" >\n\t\t\t<span class=\"bdt-timeline-arrow\"><\/span>\n\n\t\t\t\n\t\t\t<div class=\"bdt-timeline-desc bdt-padding\">\n\t\t\t\t\t\t<h4\t\t\tclass=\"bdt-timeline-title\">\n\t\t\t\t\t\t\t<a href=\"https:\/\/easylabel.com\/de\/timeline\/2007\/\" title=\"2007\">\n\t\t\t\t\t2007\t\t\t\t<\/a>\n\t\t\t\t\t<\/h4>\n\t\t\t\t\t\t\t\t\t\t\t\t\t\t\t\t\t<\/div>\n\t\t<\/div>\n\t\t\t\t\t\t\t\t\t\t<\/div>\n\t\t\t\t\t\t\t<\/div>\n\n\t\t\t\t\t\t\t\t\t\t\t\t\t\n\t\t\t\t\t\t\n\t\t\t\t\t\t\t<div class=\"bdt-timeline-item\">\n\t\t\t\t\t\t\t\t<div class=\"bdt-timeline-content\">\n\t\t\t\t\t\t\t\t\t\t\t<div class=\"bdt-timeline-item-main elementor-repeater-item-\" >\n\t\t\t<span class=\"bdt-timeline-arrow\"><\/span>\n\n\t\t\t\n\t\t\t<div class=\"bdt-timeline-desc bdt-padding\">\n\t\t\t\t\t\t<h4\t\t\tclass=\"bdt-timeline-title\">\n\t\t\t\t\t\t\t<a href=\"https:\/\/easylabel.com\/de\/timeline\/2006\/\" title=\"2006\">\n\t\t\t\t\t2006\t\t\t\t<\/a>\n\t\t\t\t\t<\/h4>\n\t\t\t\t\t\t\t\t\t\t\t\t\t\t\t\t\t<\/div>\n\t\t<\/div>\n\t\t\t\t\t\t\t\t\t\t<\/div>\n\t\t\t\t\t\t\t<\/div>\n\n\t\t\t\t\t\t\n\t\t\t\t\t<\/div>\n\t\t\t\t<\/div>\n\t\t\t<\/div>\n \t\t\t\t\t\t<\/div>\n\t\t\t\t<\/div>\n\t\t\t\t\t<\/div>\n\t\t\t\t<\/div>\n\t\t\t\t<\/div>\n\t\t","protected":false},"excerpt":{"rendered":"<p>Tharo Systems, Inc. ist seit 1982 weltweit f\u00fchrend in der automatischen Identifikationsindustrie. Tharo ist der Autor der EASYLABEL\u00ae Software, der meistverkauften und leistungsst\u00e4rksten Etikettendesignsoftware der Welt. Es gibt \u00fcber 119.000 Exemplare in fast jedem Land der Welt. Tharo hat sein Fachwissen in die Entwicklung der T-Serie und H-Serie f\u00fcr hohe Beanspruchung und der preisg\u00fcnstigen V-Serie&#8230;<\/p>\n","protected":false},"author":2,"featured_media":0,"parent":0,"menu_order":0,"comment_status":"closed","ping_status":"closed","template":"","meta":{"_acf_changed":false,"_monsterinsights_skip_tracking":false,"_monsterinsights_sitenote_active":false,"_monsterinsights_sitenote_note":"","_monsterinsights_sitenote_category":0,"_kad_post_transparent":"","_kad_post_title":"","_kad_post_layout":"fullwidth","_kad_post_sidebar_id":"","_kad_post_content_style":"unboxed","_kad_post_vertical_padding":"hide","_kad_post_feature":"hide","_kad_post_feature_position":"","_kad_post_header":false,"_kad_post_footer":false,"footnotes":""},"class_list":["post-4486","page","type-page","status-publish","hentry"],"acf":[],"yoast_head":"<!-- This site is optimized with the Yoast SEO Premium plugin v23.6 (Yoast SEO v26.9) - https:\/\/yoast.com\/product\/yoast-seo-premium-wordpress\/ -->\n<title>\u00dcber Tharo | EASYLABEL<\/title>\n<meta name=\"robots\" content=\"index, follow, max-snippet:-1, max-image-preview:large, max-video-preview:-1\" \/>\n<link rel=\"canonical\" href=\"https:\/\/easylabel.com\/de\/about-tharo\/\" \/>\n<meta property=\"og:locale\" content=\"de_DE\" \/>\n<meta property=\"og:type\" content=\"article\" \/>\n<meta property=\"og:title\" content=\"\u00dcber Tharo\" \/>\n<meta property=\"og:description\" content=\"Tharo Systems, Inc. ist seit 1982 weltweit f\u00fchrend in der automatischen Identifikationsindustrie. Tharo ist der Autor der EASYLABEL\u00ae Software, der meistverkauften und leistungsst\u00e4rksten Etikettendesignsoftware der Welt. Es gibt \u00fcber 119.000 Exemplare in fast jedem Land der Welt. Tharo hat sein Fachwissen in die Entwicklung der T-Serie und H-Serie f\u00fcr hohe Beanspruchung und der preisg\u00fcnstigen V-Serie...\" \/>\n<meta property=\"og:url\" content=\"https:\/\/easylabel.com\/de\/about-tharo\/\" \/>\n<meta property=\"og:site_name\" content=\"EASYLABEL\" \/>\n<meta property=\"article:modified_time\" content=\"2025-01-02T17:32:55+00:00\" \/>\n<meta property=\"og:image\" content=\"https:\/\/easylabel.com\/wp-content\/uploads\/2023\/08\/building.jpg\" \/>\n<meta name=\"twitter:card\" content=\"summary_large_image\" \/>\n<meta name=\"twitter:label1\" content=\"Gesch\u00e4tzte Lesezeit\" \/>\n\t<meta name=\"twitter:data1\" content=\"1\u00a0Minute\" \/>\n<script type=\"application\/ld+json\" class=\"yoast-schema-graph\">{\"@context\":\"https:\/\/schema.org\",\"@graph\":[{\"@type\":\"WebPage\",\"@id\":\"https:\/\/easylabel.com\/de\/about-tharo\/\",\"url\":\"https:\/\/easylabel.com\/de\/about-tharo\/\",\"name\":\"\u00dcber Tharo | EASYLABEL\",\"isPartOf\":{\"@id\":\"https:\/\/easylabel.com\/#website\"},\"primaryImageOfPage\":{\"@id\":\"https:\/\/easylabel.com\/de\/about-tharo\/#primaryimage\"},\"image\":{\"@id\":\"https:\/\/easylabel.com\/de\/about-tharo\/#primaryimage\"},\"thumbnailUrl\":\"https:\/\/easylabel.com\/wp-content\/uploads\/2023\/08\/building.jpg\",\"datePublished\":\"2023-06-22T00:29:46+00:00\",\"dateModified\":\"2025-01-02T17:32:55+00:00\",\"breadcrumb\":{\"@id\":\"https:\/\/easylabel.com\/de\/about-tharo\/#breadcrumb\"},\"inLanguage\":\"de\",\"potentialAction\":[{\"@type\":\"ReadAction\",\"target\":[\"https:\/\/easylabel.com\/de\/about-tharo\/\"]}]},{\"@type\":\"ImageObject\",\"inLanguage\":\"de\",\"@id\":\"https:\/\/easylabel.com\/de\/about-tharo\/#primaryimage\",\"url\":\"https:\/\/easylabel.com\/wp-content\/uploads\/2023\/08\/building.jpg\",\"contentUrl\":\"https:\/\/easylabel.com\/wp-content\/uploads\/2023\/08\/building.jpg\"},{\"@type\":\"BreadcrumbList\",\"@id\":\"https:\/\/easylabel.com\/de\/about-tharo\/#breadcrumb\",\"itemListElement\":[{\"@type\":\"ListItem\",\"position\":1,\"name\":\"Home\",\"item\":\"https:\/\/easylabel.com\/\"},{\"@type\":\"ListItem\",\"position\":2,\"name\":\"\u00dcber Tharo\"}]},{\"@type\":\"WebSite\",\"@id\":\"https:\/\/easylabel.com\/#website\",\"url\":\"https:\/\/easylabel.com\/\",\"name\":\"EASYLABEL\",\"description\":\"Etikettierungsexperten seit \u00fcber 40 Jahren\",\"publisher\":{\"@id\":\"https:\/\/easylabel.com\/#organization\"},\"potentialAction\":[{\"@type\":\"SearchAction\",\"target\":{\"@type\":\"EntryPoint\",\"urlTemplate\":\"https:\/\/easylabel.com\/?s={search_term_string}\"},\"query-input\":{\"@type\":\"PropertyValueSpecification\",\"valueRequired\":true,\"valueName\":\"search_term_string\"}}],\"inLanguage\":\"de\"},{\"@type\":\"Organization\",\"@id\":\"https:\/\/easylabel.com\/#organization\",\"name\":\"EASYLABEL\",\"url\":\"https:\/\/easylabel.com\/\",\"logo\":{\"@type\":\"ImageObject\",\"inLanguage\":\"de\",\"@id\":\"https:\/\/easylabel.com\/#\/schema\/logo\/image\/\",\"url\":\"https:\/\/easylabel.com\/wp-content\/uploads\/2023\/06\/LogoEasylabel.png\",\"contentUrl\":\"https:\/\/easylabel.com\/wp-content\/uploads\/2023\/06\/LogoEasylabel.png\",\"width\":2000,\"height\":477,\"caption\":\"EASYLABEL\"},\"image\":{\"@id\":\"https:\/\/easylabel.com\/#\/schema\/logo\/image\/\"}}]}<\/script>\n<!-- \/ Yoast SEO Premium plugin. -->","yoast_head_json":{"title":"\u00dcber Tharo | EASYLABEL","robots":{"index":"index","follow":"follow","max-snippet":"max-snippet:-1","max-image-preview":"max-image-preview:large","max-video-preview":"max-video-preview:-1"},"canonical":"https:\/\/easylabel.com\/de\/about-tharo\/","og_locale":"de_DE","og_type":"article","og_title":"\u00dcber Tharo","og_description":"Tharo Systems, Inc. ist seit 1982 weltweit f\u00fchrend in der automatischen Identifikationsindustrie. Tharo ist der Autor der EASYLABEL\u00ae Software, der meistverkauften und leistungsst\u00e4rksten Etikettendesignsoftware der Welt. Es gibt \u00fcber 119.000 Exemplare in fast jedem Land der Welt. Tharo hat sein Fachwissen in die Entwicklung der T-Serie und H-Serie f\u00fcr hohe Beanspruchung und der preisg\u00fcnstigen V-Serie...","og_url":"https:\/\/easylabel.com\/de\/about-tharo\/","og_site_name":"EASYLABEL","article_modified_time":"2025-01-02T17:32:55+00:00","og_image":[{"url":"https:\/\/easylabel.com\/wp-content\/uploads\/2023\/08\/building.jpg","type":"","width":"","height":""}],"twitter_card":"summary_large_image","twitter_misc":{"Gesch\u00e4tzte Lesezeit":"1\u00a0Minute"},"schema":{"@context":"https:\/\/schema.org","@graph":[{"@type":"WebPage","@id":"https:\/\/easylabel.com\/de\/about-tharo\/","url":"https:\/\/easylabel.com\/de\/about-tharo\/","name":"\u00dcber Tharo | EASYLABEL","isPartOf":{"@id":"https:\/\/easylabel.com\/#website"},"primaryImageOfPage":{"@id":"https:\/\/easylabel.com\/de\/about-tharo\/#primaryimage"},"image":{"@id":"https:\/\/easylabel.com\/de\/about-tharo\/#primaryimage"},"thumbnailUrl":"https:\/\/easylabel.com\/wp-content\/uploads\/2023\/08\/building.jpg","datePublished":"2023-06-22T00:29:46+00:00","dateModified":"2025-01-02T17:32:55+00:00","breadcrumb":{"@id":"https:\/\/easylabel.com\/de\/about-tharo\/#breadcrumb"},"inLanguage":"de","potentialAction":[{"@type":"ReadAction","target":["https:\/\/easylabel.com\/de\/about-tharo\/"]}]},{"@type":"ImageObject","inLanguage":"de","@id":"https:\/\/easylabel.com\/de\/about-tharo\/#primaryimage","url":"https:\/\/easylabel.com\/wp-content\/uploads\/2023\/08\/building.jpg","contentUrl":"https:\/\/easylabel.com\/wp-content\/uploads\/2023\/08\/building.jpg"},{"@type":"BreadcrumbList","@id":"https:\/\/easylabel.com\/de\/about-tharo\/#breadcrumb","itemListElement":[{"@type":"ListItem","position":1,"name":"Home","item":"https:\/\/easylabel.com\/"},{"@type":"ListItem","position":2,"name":"\u00dcber Tharo"}]},{"@type":"WebSite","@id":"https:\/\/easylabel.com\/#website","url":"https:\/\/easylabel.com\/","name":"EASYLABEL","description":"Etikettierungsexperten seit \u00fcber 40 Jahren","publisher":{"@id":"https:\/\/easylabel.com\/#organization"},"potentialAction":[{"@type":"SearchAction","target":{"@type":"EntryPoint","urlTemplate":"https:\/\/easylabel.com\/?s={search_term_string}"},"query-input":{"@type":"PropertyValueSpecification","valueRequired":true,"valueName":"search_term_string"}}],"inLanguage":"de"},{"@type":"Organization","@id":"https:\/\/easylabel.com\/#organization","name":"EASYLABEL","url":"https:\/\/easylabel.com\/","logo":{"@type":"ImageObject","inLanguage":"de","@id":"https:\/\/easylabel.com\/#\/schema\/logo\/image\/","url":"https:\/\/easylabel.com\/wp-content\/uploads\/2023\/06\/LogoEasylabel.png","contentUrl":"https:\/\/easylabel.com\/wp-content\/uploads\/2023\/06\/LogoEasylabel.png","width":2000,"height":477,"caption":"EASYLABEL"},"image":{"@id":"https:\/\/easylabel.com\/#\/schema\/logo\/image\/"}}]}},"_links":{"self":[{"href":"https:\/\/easylabel.com\/de\/wp-json\/wp\/v2\/pages\/4486","targetHints":{"allow":["GET"]}}],"collection":[{"href":"https:\/\/easylabel.com\/de\/wp-json\/wp\/v2\/pages"}],"about":[{"href":"https:\/\/easylabel.com\/de\/wp-json\/wp\/v2\/types\/page"}],"author":[{"embeddable":true,"href":"https:\/\/easylabel.com\/de\/wp-json\/wp\/v2\/users\/2"}],"replies":[{"embeddable":true,"href":"https:\/\/easylabel.com\/de\/wp-json\/wp\/v2\/comments?post=4486"}],"version-history":[{"count":4,"href":"https:\/\/easylabel.com\/de\/wp-json\/wp\/v2\/pages\/4486\/revisions"}],"predecessor-version":[{"id":4710,"href":"https:\/\/easylabel.com\/de\/wp-json\/wp\/v2\/pages\/4486\/revisions\/4710"}],"wp:attachment":[{"href":"https:\/\/easylabel.com\/de\/wp-json\/wp\/v2\/media?parent=4486"}],"curies":[{"name":"wp","href":"https:\/\/api.w.org\/{rel}","templated":true}]}}