{"id":4495,"date":"2023-06-21T20:34:13","date_gmt":"2023-06-22T00:34:13","guid":{"rendered":"https:\/\/easylabel.com\/easylabel-uebersicht\/"},"modified":"2025-03-07T14:12:55","modified_gmt":"2025-03-07T19:12:55","slug":"easylabel-overview","status":"publish","type":"page","link":"https:\/\/easylabel.com\/de\/easylabel-overview\/","title":{"rendered":"EASYLABEL \u00dcbersicht"},"content":{"rendered":"\t\t<div data-elementor-type=\"wp-page\" data-elementor-id=\"4495\" class=\"elementor elementor-4495 elementor-76\" data-elementor-settings=\"{&quot;element_pack_global_tooltip_width&quot;:{&quot;unit&quot;:&quot;px&quot;,&quot;size&quot;:&quot;&quot;,&quot;sizes&quot;:[]},&quot;element_pack_global_tooltip_width_tablet&quot;:{&quot;unit&quot;:&quot;px&quot;,&quot;size&quot;:&quot;&quot;,&quot;sizes&quot;:[]},&quot;element_pack_global_tooltip_width_mobile&quot;:{&quot;unit&quot;:&quot;px&quot;,&quot;size&quot;:&quot;&quot;,&quot;sizes&quot;:[]},&quot;element_pack_global_tooltip_padding&quot;:{&quot;unit&quot;:&quot;px&quot;,&quot;top&quot;:&quot;&quot;,&quot;right&quot;:&quot;&quot;,&quot;bottom&quot;:&quot;&quot;,&quot;left&quot;:&quot;&quot;,&quot;isLinked&quot;:true},&quot;element_pack_global_tooltip_padding_tablet&quot;:{&quot;unit&quot;:&quot;px&quot;,&quot;top&quot;:&quot;&quot;,&quot;right&quot;:&quot;&quot;,&quot;bottom&quot;:&quot;&quot;,&quot;left&quot;:&quot;&quot;,&quot;isLinked&quot;:true},&quot;element_pack_global_tooltip_padding_mobile&quot;:{&quot;unit&quot;:&quot;px&quot;,&quot;top&quot;:&quot;&quot;,&quot;right&quot;:&quot;&quot;,&quot;bottom&quot;:&quot;&quot;,&quot;left&quot;:&quot;&quot;,&quot;isLinked&quot;:true},&quot;element_pack_global_tooltip_border_radius&quot;:{&quot;unit&quot;:&quot;px&quot;,&quot;top&quot;:&quot;&quot;,&quot;right&quot;:&quot;&quot;,&quot;bottom&quot;:&quot;&quot;,&quot;left&quot;:&quot;&quot;,&quot;isLinked&quot;:true},&quot;element_pack_global_tooltip_border_radius_tablet&quot;:{&quot;unit&quot;:&quot;px&quot;,&quot;top&quot;:&quot;&quot;,&quot;right&quot;:&quot;&quot;,&quot;bottom&quot;:&quot;&quot;,&quot;left&quot;:&quot;&quot;,&quot;isLinked&quot;:true},&quot;element_pack_global_tooltip_border_radius_mobile&quot;:{&quot;unit&quot;:&quot;px&quot;,&quot;top&quot;:&quot;&quot;,&quot;right&quot;:&quot;&quot;,&quot;bottom&quot;:&quot;&quot;,&quot;left&quot;:&quot;&quot;,&quot;isLinked&quot;:true}}\" data-elementor-post-type=\"page\">\n\t\t\t\t<div class=\"elementor-element elementor-element-e27a3a1 e-flex e-con-boxed e-con e-parent\" data-id=\"e27a3a1\" data-element_type=\"container\">\n\t\t\t\t\t<div class=\"e-con-inner\">\n\t\t\t\t<div class=\"elementor-element elementor-element-bb664d1 elementor-widget elementor-widget-bdt-advanced-heading\" data-id=\"bb664d1\" data-element_type=\"widget\" data-widget_type=\"bdt-advanced-heading.default\">\n\t\t\t\t<div class=\"elementor-widget-container\">\n\t\t\t\t\t<div id=\"bb664d1\" class=\"bdt-ep-advanced-heading\" data-settings=\"{&quot;titleMultiColor&quot;:&quot;no&quot;}\"><h6 class=\"bdt-ep-advanced-heading-title\"><span class=\"bdt-ep-advanced-heading-main-title\"><span class=\"bdt-ep-advanced-heading-main-title-inner\">Was ist EASYLABEL?<\/span><span class=\"line bdt-button-icon-align-bottom\"><\/span><\/span><\/h6><\/div>\t\t\t\t<\/div>\n\t\t\t\t<\/div>\n\t\t\t\t<div class=\"elementor-element elementor-element-5a58460 elementor-widget elementor-widget-text-editor\" data-id=\"5a58460\" data-element_type=\"widget\" data-widget_type=\"text-editor.default\">\n\t\t\t\t<div class=\"elementor-widget-container\">\n\t\t\t\t\t\t\t\t\t<p>EASYLABEL ist eine bew\u00e4hrte Etikettendesignsoftware, die von Unternehmen auf der ganzen Welt zum Entwerfen und Drucken von Etiketten verwendet wird. Seit \u00fcber 40 Jahren hilft es unseren Kunden, schnell und einfach einfache Versandetiketten sowie komplexe Compliance-Etiketten zu erstellen.<\/p>\n\t\t\t\t\t\t\t\t<\/div>\n\t\t\t\t<\/div>\n\t\t\t\t<div class=\"elementor-element elementor-element-25d8ffd elementor-widget elementor-widget-text-editor\" data-id=\"25d8ffd\" data-element_type=\"widget\" data-widget_type=\"text-editor.default\">\n\t\t\t\t<div class=\"elementor-widget-container\">\n\t\t\t\t\t\t\t\t\t<div>EASYLABEL Eigenschaften:<\/div>\n<ul>\n<li>Kostenlose Unterst\u00fctzung<\/li>\n<li>Keine Vertr\u00e4ge<\/li>\n<li>Einfaches Layout \u00e4hnlich wie bei Microsoft Office<\/li>\n<li>Barcode-Assistent<\/li>\n<li>Datenbank-Konnektivit\u00e4t<\/li>\n<li>Integration mit Software und Ger\u00e4ten von Drittanbietern<\/li>\n<li>Verlaufssicherung und Berichte drucken<\/li>\n<li>Benutzerzugriffskontrolle<\/li>\n<li>Druck-Automatisierung<\/li>\n<li>ActiveX-Steuerelemente<\/li>\n<li>XML-Unterst\u00fctzung<\/li>\n<li>RFID-Assistent<\/li>\n<\/ul>\n\t\t\t\t\t\t\t\t<\/div>\n\t\t\t\t<\/div>\n\t\t\t\t<div class=\"elementor-element elementor-element-cd160e5 elementor-widget elementor-widget-spacer\" data-id=\"cd160e5\" data-element_type=\"widget\" data-widget_type=\"spacer.default\">\n\t\t\t\t<div class=\"elementor-widget-container\">\n\t\t\t\t\t\t\t<div class=\"elementor-spacer\">\n\t\t\t<div class=\"elementor-spacer-inner\"><\/div>\n\t\t<\/div>\n\t\t\t\t\t\t<\/div>\n\t\t\t\t<\/div>\n\t\t\t\t<div class=\"elementor-element elementor-element-90f754d elementor-widget elementor-widget-bdt-advanced-heading\" data-id=\"90f754d\" data-element_type=\"widget\" data-widget_type=\"bdt-advanced-heading.default\">\n\t\t\t\t<div class=\"elementor-widget-container\">\n\t\t\t\t\t<div id=\"90f754d\" class=\"bdt-ep-advanced-heading\" data-settings=\"{&quot;titleMultiColor&quot;:&quot;no&quot;}\"><h6 class=\"bdt-ep-advanced-heading-title\"><span class=\"bdt-ep-advanced-heading-main-title\"><span class=\"bdt-ep-advanced-heading-main-title-inner\">Einf\u00fchrung in EASYLABEL Video<\/span><span class=\"line bdt-button-icon-align-bottom\"><\/span><\/span><\/h6><\/div>\t\t\t\t<\/div>\n\t\t\t\t<\/div>\n\t\t<div class=\"elementor-element elementor-element-bf857fb e-flex e-con-boxed e-con e-child\" data-id=\"bf857fb\" data-element_type=\"container\">\n\t\t\t\t\t<div class=\"e-con-inner\">\n\t\t\t\t<div class=\"elementor-element elementor-element-bd7094b elementor-widget elementor-widget-video\" data-id=\"bd7094b\" data-element_type=\"widget\" data-settings=\"{&quot;video_type&quot;:&quot;hosted&quot;,&quot;show_image_overlay&quot;:&quot;yes&quot;,&quot;image_overlay&quot;:{&quot;url&quot;:&quot;http:\\\/\\\/easylabel.com\\\/wp-content\\\/uploads\\\/2023\\\/06\\\/Motif-Barcode.jpg&quot;,&quot;id&quot;:4428,&quot;size&quot;:&quot;&quot;,&quot;alt&quot;:&quot;&quot;,&quot;source&quot;:&quot;library&quot;},&quot;lightbox&quot;:&quot;yes&quot;,&quot;lightbox_content_animation&quot;:&quot;fadeIn&quot;,&quot;controls&quot;:&quot;yes&quot;}\" data-widget_type=\"video.default\">\n\t\t\t\t<div class=\"elementor-widget-container\">\n\t\t\t\t\t\t\t<div class=\"e-hosted-video elementor-wrapper elementor-open-lightbox\">\n\t\t\t\t\t\t\t<div class=\"elementor-custom-embed-image-overlay\" data-elementor-open-lightbox=\"yes\" data-elementor-lightbox=\"{&quot;type&quot;:&quot;video&quot;,&quot;videoType&quot;:&quot;hosted&quot;,&quot;url&quot;:&quot;http:\\\/\\\/easylabel.com\\\/wp-content\\\/uploads\\\/videos\\\/Main-introduction-easylabel.mp4&quot;,&quot;autoplay&quot;:&quot;&quot;,&quot;modalOptions&quot;:{&quot;id&quot;:&quot;elementor-lightbox-bd7094b&quot;,&quot;entranceAnimation&quot;:&quot;fadeIn&quot;,&quot;entranceAnimation_tablet&quot;:&quot;&quot;,&quot;entranceAnimation_mobile&quot;:&quot;&quot;,&quot;videoAspectRatio&quot;:&quot;169&quot;},&quot;videoParams&quot;:{&quot;controls&quot;:&quot;&quot;,&quot;preload&quot;:&quot;metadata&quot;,&quot;controlsList&quot;:&quot;nodownload&quot;,&quot;poster&quot;:&quot;http:\\\/\\\/easylabel.com\\\/wp-content\\\/uploads\\\/2023\\\/06\\\/Motif-Barcode.jpg&quot;}}\" data-e-action-hash=\"#elementor-action%3Aaction%3Dlightbox%26settings%3DeyJ0eXBlIjoidmlkZW8iLCJ2aWRlb1R5cGUiOiJob3N0ZWQiLCJ1cmwiOiJodHRwOlwvXC9lYXN5bGFiZWwuY29tXC93cC1jb250ZW50XC91cGxvYWRzXC92aWRlb3NcL01haW4taW50cm9kdWN0aW9uLWVhc3lsYWJlbC5tcDQiLCJhdXRvcGxheSI6IiIsIm1vZGFsT3B0aW9ucyI6eyJpZCI6ImVsZW1lbnRvci1saWdodGJveC1iZDcwOTRiIiwiZW50cmFuY2VBbmltYXRpb24iOiJmYWRlSW4iLCJlbnRyYW5jZUFuaW1hdGlvbl90YWJsZXQiOiIiLCJlbnRyYW5jZUFuaW1hdGlvbl9tb2JpbGUiOiIiLCJ2aWRlb0FzcGVjdFJhdGlvIjoiMTY5In0sInZpZGVvUGFyYW1zIjp7ImNvbnRyb2xzIjoiIiwicHJlbG9hZCI6Im1ldGFkYXRhIiwiY29udHJvbHNMaXN0Ijoibm9kb3dubG9hZCIsInBvc3RlciI6Imh0dHA6XC9cL2Vhc3lsYWJlbC5jb21cL3dwLWNvbnRlbnRcL3VwbG9hZHNcLzIwMjNcLzA2XC9Nb3RpZi1CYXJjb2RlLmpwZyJ9fQ%3D%3D\">\n\t\t\t\t\t\t\t\t\t\t\t<img fetchpriority=\"high\" decoding=\"async\" width=\"1920\" height=\"1080\" src=\"https:\/\/easylabel.com\/wp-content\/uploads\/2023\/06\/Motif-Barcode.jpg\" class=\"attachment-full size-full wp-image-4428\" alt=\"\" srcset=\"https:\/\/easylabel.com\/wp-content\/uploads\/2023\/06\/Motif-Barcode.jpg 1920w, https:\/\/easylabel.com\/wp-content\/uploads\/2023\/06\/Motif-Barcode-300x169.jpg 300w, https:\/\/easylabel.com\/wp-content\/uploads\/2023\/06\/Motif-Barcode-1024x576.jpg 1024w, https:\/\/easylabel.com\/wp-content\/uploads\/2023\/06\/Motif-Barcode-768x432.jpg 768w, https:\/\/easylabel.com\/wp-content\/uploads\/2023\/06\/Motif-Barcode-1536x864.jpg 1536w\" sizes=\"(max-width: 1920px) 100vw, 1920px\" \/>\t\t\t\t\t\t\t\t\t\t\t\t\t\t\t\t<div class=\"elementor-custom-embed-play\" role=\"button\" aria-label=\"Video abspielen\" tabindex=\"0\">\n\t\t\t\t\t\t\t<i aria-hidden=\"true\" class=\"eicon-play\"><\/i>\t\t\t\t\t\t<\/div>\n\t\t\t\t\t\t\t\t\t<\/div>\n\t\t\t\t\t<\/div>\n\t\t\t\t\t\t<\/div>\n\t\t\t\t<\/div>\n\t\t\t\t\t<\/div>\n\t\t\t\t<\/div>\n\t\t\t\t<div class=\"elementor-element elementor-element-7e1b679 elementor-widget elementor-widget-spacer\" data-id=\"7e1b679\" data-element_type=\"widget\" data-widget_type=\"spacer.default\">\n\t\t\t\t<div class=\"elementor-widget-container\">\n\t\t\t\t\t\t\t<div class=\"elementor-spacer\">\n\t\t\t<div class=\"elementor-spacer-inner\"><\/div>\n\t\t<\/div>\n\t\t\t\t\t\t<\/div>\n\t\t\t\t<\/div>\n\t\t\t\t<div class=\"elementor-element elementor-element-adc4014 elementor-widget elementor-widget-bdt-advanced-heading\" data-id=\"adc4014\" data-element_type=\"widget\" data-widget_type=\"bdt-advanced-heading.default\">\n\t\t\t\t<div class=\"elementor-widget-container\">\n\t\t\t\t\t<div id=\"adc4014\" class=\"bdt-ep-advanced-heading\" data-settings=\"{&quot;titleMultiColor&quot;:&quot;no&quot;}\"><h6 class=\"bdt-ep-advanced-heading-title\"><span class=\"bdt-ep-advanced-heading-main-title\"><span class=\"bdt-ep-advanced-heading-main-title-inner\">Wie k\u00f6nnen wir helfen?<\/span><span class=\"line bdt-button-icon-align-bottom\"><\/span><\/span><\/h6><\/div>\t\t\t\t<\/div>\n\t\t\t\t<\/div>\n\t\t<div class=\"elementor-element elementor-element-a710716 e-con-full e-flex e-con e-child\" data-id=\"a710716\" data-element_type=\"container\">\n\t\t<div class=\"elementor-element elementor-element-5638384 e-con-full e-flex e-con e-child\" data-id=\"5638384\" data-element_type=\"container\">\n\t\t\t\t<div class=\"elementor-element elementor-element-120775e elementor-widget elementor-widget-text-editor\" data-id=\"120775e\" data-element_type=\"widget\" data-widget_type=\"text-editor.default\">\n\t\t\t\t<div class=\"elementor-widget-container\">\n\t\t\t\t\t\t\t\t\t<h3>Sind Sie bereit, EASYLABEL auszuprobieren?<\/h3>\n\t\t\t\t\t\t\t\t<\/div>\n\t\t\t\t<\/div>\n\t\t\t\t<div class=\"elementor-element elementor-element-a608b9c elementor-align-center elementor-widget elementor-widget-button\" data-id=\"a608b9c\" data-element_type=\"widget\" data-widget_type=\"button.default\">\n\t\t\t\t<div class=\"elementor-widget-container\">\n\t\t\t\t\t\t\t\t\t<div class=\"elementor-button-wrapper\">\n\t\t\t\t\t<a class=\"elementor-button elementor-button-link elementor-size-sm elementor-animation-float\" href=\"https:\/\/easylabel.com\/de\/newest-easylabel\/\">\n\t\t\t\t\t\t<span class=\"elementor-button-content-wrapper\">\n\t\t\t\t\t\t\t\t\t<span class=\"elementor-button-text\">Eine DEMO-Version herunterladen<\/span>\n\t\t\t\t\t<\/span>\n\t\t\t\t\t<\/a>\n\t\t\t\t<\/div>\n\t\t\t\t\t\t\t\t<\/div>\n\t\t\t\t<\/div>\n\t\t\t\t<\/div>\n\t\t<div class=\"elementor-element elementor-element-8cf8f61 e-con-full e-flex e-con e-child\" data-id=\"8cf8f61\" data-element_type=\"container\">\n\t\t\t\t<div class=\"elementor-element elementor-element-4cf29a8 elementor-widget elementor-widget-text-editor\" data-id=\"4cf29a8\" data-element_type=\"widget\" data-widget_type=\"text-editor.default\">\n\t\t\t\t<div class=\"elementor-widget-container\">\n\t\t\t\t\t\t\t\t\t<h3>Haben Sie Fragen?<\/h3>\n\t\t\t\t\t\t\t\t<\/div>\n\t\t\t\t<\/div>\n\t\t\t\t<div class=\"elementor-element elementor-element-cf2a861 elementor-align-center elementor-widget elementor-widget-button\" data-id=\"cf2a861\" data-element_type=\"widget\" data-widget_type=\"button.default\">\n\t\t\t\t<div class=\"elementor-widget-container\">\n\t\t\t\t\t\t\t\t\t<div class=\"elementor-button-wrapper\">\n\t\t\t\t\t<a class=\"elementor-button elementor-button-link elementor-size-sm elementor-animation-float\" href=\"https:\/\/easylabel.com\/de\/contact-us\/\">\n\t\t\t\t\t\t<span class=\"elementor-button-content-wrapper\">\n\t\t\t\t\t\t\t\t\t<span class=\"elementor-button-text\">Kontaktieren Sie uns<\/span>\n\t\t\t\t\t<\/span>\n\t\t\t\t\t<\/a>\n\t\t\t\t<\/div>\n\t\t\t\t\t\t\t\t<\/div>\n\t\t\t\t<\/div>\n\t\t\t\t<\/div>\n\t\t<div class=\"elementor-element elementor-element-744afe1 e-con-full e-flex e-con e-child\" data-id=\"744afe1\" data-element_type=\"container\">\n\t\t\t\t<div class=\"elementor-element elementor-element-56ca692 elementor-widget elementor-widget-text-editor\" data-id=\"56ca692\" data-element_type=\"widget\" data-widget_type=\"text-editor.default\">\n\t\t\t\t<div class=\"elementor-widget-container\">\n\t\t\t\t\t\t\t\t\t<h3>Wie viel kostet es?<\/h3>\n\t\t\t\t\t\t\t\t<\/div>\n\t\t\t\t<\/div>\n\t\t\t\t<div class=\"elementor-element elementor-element-1d61a07 elementor-align-center elementor-widget elementor-widget-button\" data-id=\"1d61a07\" data-element_type=\"widget\" data-widget_type=\"button.default\">\n\t\t\t\t<div class=\"elementor-widget-container\">\n\t\t\t\t\t\t\t\t\t<div class=\"elementor-button-wrapper\">\n\t\t\t\t\t<a class=\"elementor-button elementor-button-link elementor-size-sm elementor-animation-float\" href=\"https:\/\/easylabel.com\/de\/easylabel-pricing\/\">\n\t\t\t\t\t\t<span class=\"elementor-button-content-wrapper\">\n\t\t\t\t\t\t\t\t\t<span class=\"elementor-button-text\">Siehe unsere Preisseite<\/span>\n\t\t\t\t\t<\/span>\n\t\t\t\t\t<\/a>\n\t\t\t\t<\/div>\n\t\t\t\t\t\t\t\t<\/div>\n\t\t\t\t<\/div>\n\t\t\t\t<\/div>\n\t\t\t\t<\/div>\n\t\t\t\t\t<\/div>\n\t\t\t\t<\/div>\n\t\t<div class=\"elementor-element elementor-element-64dc528 e-flex e-con-boxed e-con e-parent\" data-id=\"64dc528\" data-element_type=\"container\" data-settings=\"{&quot;background_background&quot;:&quot;classic&quot;}\">\n\t\t\t\t\t<div class=\"e-con-inner\">\n\t\t<div class=\"elementor-element elementor-element-9601797 e-con-full e-flex e-con e-child\" data-id=\"9601797\" data-element_type=\"container\">\n\t\t<div class=\"elementor-element elementor-element-062bf94 e-con-full e-flex e-con e-child\" data-id=\"062bf94\" data-element_type=\"container\">\n\t\t\t\t<div class=\"elementor-element elementor-element-221a4d3 elementor-widget elementor-widget-text-editor\" data-id=\"221a4d3\" data-element_type=\"widget\" data-widget_type=\"text-editor.default\">\n\t\t\t\t<div class=\"elementor-widget-container\">\n\t\t\t\t\t\t\t\t\t<h3>Suchen Sie nach EASYLABEL-Tutorials?<\/h3>\n\t\t\t\t\t\t\t\t<\/div>\n\t\t\t\t<\/div>\n\t\t\t\t<div class=\"elementor-element elementor-element-751594a elementor-align-center elementor-widget elementor-widget-button\" data-id=\"751594a\" data-element_type=\"widget\" data-widget_type=\"button.default\">\n\t\t\t\t<div class=\"elementor-widget-container\">\n\t\t\t\t\t\t\t\t\t<div class=\"elementor-button-wrapper\">\n\t\t\t\t\t<a class=\"elementor-button elementor-button-link elementor-size-sm elementor-animation-float\" href=\"https:\/\/easylabel.com\/de\/easylabel-tutorials\/\">\n\t\t\t\t\t\t<span class=\"elementor-button-content-wrapper\">\n\t\t\t\t\t\t\t\t\t<span class=\"elementor-button-text\">Klicken Sie hier, um unsere Anleitungsvideos anzusehen!<\/span>\n\t\t\t\t\t<\/span>\n\t\t\t\t\t<\/a>\n\t\t\t\t<\/div>\n\t\t\t\t\t\t\t\t<\/div>\n\t\t\t\t<\/div>\n\t\t\t\t<\/div>\n\t\t\t\t<\/div>\n\t\t\t\t\t<\/div>\n\t\t\t\t<\/div>\n\t\t\t\t<\/div>\n\t\t","protected":false},"excerpt":{"rendered":"<p>Was ist EASYLABEL? EASYLABEL ist eine bew\u00e4hrte Etikettendesignsoftware, die von Unternehmen auf der ganzen Welt zum Entwerfen und Drucken von Etiketten verwendet wird. Seit \u00fcber 40 Jahren hilft es unseren Kunden, schnell und einfach einfache Versandetiketten sowie komplexe Compliance-Etiketten zu erstellen. EASYLABEL Eigenschaften: Kostenlose Unterst\u00fctzung Keine Vertr\u00e4ge Einfaches Layout \u00e4hnlich wie bei Microsoft Office Barcode-Assistent&#8230;<\/p>\n","protected":false},"author":2,"featured_media":0,"parent":0,"menu_order":0,"comment_status":"closed","ping_status":"closed","template":"","meta":{"_acf_changed":false,"_monsterinsights_skip_tracking":false,"_monsterinsights_sitenote_active":false,"_monsterinsights_sitenote_note":"","_monsterinsights_sitenote_category":0,"_kad_post_transparent":"","_kad_post_title":"","_kad_post_layout":"fullwidth","_kad_post_sidebar_id":"","_kad_post_content_style":"unboxed","_kad_post_vertical_padding":"hide","_kad_post_feature":"hide","_kad_post_feature_position":"","_kad_post_header":false,"_kad_post_footer":false,"footnotes":""},"class_list":["post-4495","page","type-page","status-publish","hentry"],"acf":[],"yoast_head":"<!-- This site is optimized with the Yoast SEO Premium plugin v23.6 (Yoast SEO v26.9) - https:\/\/yoast.com\/product\/yoast-seo-premium-wordpress\/ -->\n<title>EASYLABEL \u00dcbersicht | EASYLABEL<\/title>\n<meta name=\"robots\" content=\"index, follow, max-snippet:-1, max-image-preview:large, max-video-preview:-1\" \/>\n<link rel=\"canonical\" href=\"https:\/\/easylabel.com\/de\/easylabel-overview\/\" \/>\n<meta property=\"og:locale\" content=\"de_DE\" \/>\n<meta property=\"og:type\" content=\"article\" \/>\n<meta property=\"og:title\" content=\"EASYLABEL \u00dcbersicht\" \/>\n<meta property=\"og:description\" content=\"Was ist EASYLABEL? EASYLABEL ist eine bew\u00e4hrte Etikettendesignsoftware, die von Unternehmen auf der ganzen Welt zum Entwerfen und Drucken von Etiketten verwendet wird. Seit \u00fcber 40 Jahren hilft es unseren Kunden, schnell und einfach einfache Versandetiketten sowie komplexe Compliance-Etiketten zu erstellen. EASYLABEL Eigenschaften: Kostenlose Unterst\u00fctzung Keine Vertr\u00e4ge Einfaches Layout \u00e4hnlich wie bei Microsoft Office Barcode-Assistent...\" \/>\n<meta property=\"og:url\" content=\"https:\/\/easylabel.com\/de\/easylabel-overview\/\" \/>\n<meta property=\"og:site_name\" content=\"EASYLABEL\" \/>\n<meta property=\"article:modified_time\" content=\"2025-03-07T19:12:55+00:00\" \/>\n<meta name=\"twitter:card\" content=\"summary_large_image\" \/>\n<meta name=\"twitter:label1\" content=\"Gesch\u00e4tzte Lesezeit\" \/>\n\t<meta name=\"twitter:data1\" content=\"1\u00a0Minute\" \/>\n<script type=\"application\/ld+json\" class=\"yoast-schema-graph\">{\"@context\":\"https:\/\/schema.org\",\"@graph\":[{\"@type\":\"WebPage\",\"@id\":\"https:\/\/easylabel.com\/de\/easylabel-overview\/\",\"url\":\"https:\/\/easylabel.com\/de\/easylabel-overview\/\",\"name\":\"EASYLABEL \u00dcbersicht | EASYLABEL\",\"isPartOf\":{\"@id\":\"https:\/\/easylabel.com\/#website\"},\"datePublished\":\"2023-06-22T00:34:13+00:00\",\"dateModified\":\"2025-03-07T19:12:55+00:00\",\"breadcrumb\":{\"@id\":\"https:\/\/easylabel.com\/de\/easylabel-overview\/#breadcrumb\"},\"inLanguage\":\"de\",\"potentialAction\":[{\"@type\":\"ReadAction\",\"target\":[\"https:\/\/easylabel.com\/de\/easylabel-overview\/\"]}]},{\"@type\":\"BreadcrumbList\",\"@id\":\"https:\/\/easylabel.com\/de\/easylabel-overview\/#breadcrumb\",\"itemListElement\":[{\"@type\":\"ListItem\",\"position\":1,\"name\":\"Home\",\"item\":\"https:\/\/easylabel.com\/\"},{\"@type\":\"ListItem\",\"position\":2,\"name\":\"EASYLABEL \u00dcbersicht\"}]},{\"@type\":\"WebSite\",\"@id\":\"https:\/\/easylabel.com\/#website\",\"url\":\"https:\/\/easylabel.com\/\",\"name\":\"EASYLABEL\",\"description\":\"Etikettierungsexperten seit \u00fcber 40 Jahren\",\"publisher\":{\"@id\":\"https:\/\/easylabel.com\/#organization\"},\"potentialAction\":[{\"@type\":\"SearchAction\",\"target\":{\"@type\":\"EntryPoint\",\"urlTemplate\":\"https:\/\/easylabel.com\/?s={search_term_string}\"},\"query-input\":{\"@type\":\"PropertyValueSpecification\",\"valueRequired\":true,\"valueName\":\"search_term_string\"}}],\"inLanguage\":\"de\"},{\"@type\":\"Organization\",\"@id\":\"https:\/\/easylabel.com\/#organization\",\"name\":\"EASYLABEL\",\"url\":\"https:\/\/easylabel.com\/\",\"logo\":{\"@type\":\"ImageObject\",\"inLanguage\":\"de\",\"@id\":\"https:\/\/easylabel.com\/#\/schema\/logo\/image\/\",\"url\":\"https:\/\/easylabel.com\/wp-content\/uploads\/2023\/06\/LogoEasylabel.png\",\"contentUrl\":\"https:\/\/easylabel.com\/wp-content\/uploads\/2023\/06\/LogoEasylabel.png\",\"width\":2000,\"height\":477,\"caption\":\"EASYLABEL\"},\"image\":{\"@id\":\"https:\/\/easylabel.com\/#\/schema\/logo\/image\/\"}}]}<\/script>\n<!-- \/ Yoast SEO Premium plugin. -->","yoast_head_json":{"title":"EASYLABEL \u00dcbersicht | EASYLABEL","robots":{"index":"index","follow":"follow","max-snippet":"max-snippet:-1","max-image-preview":"max-image-preview:large","max-video-preview":"max-video-preview:-1"},"canonical":"https:\/\/easylabel.com\/de\/easylabel-overview\/","og_locale":"de_DE","og_type":"article","og_title":"EASYLABEL \u00dcbersicht","og_description":"Was ist EASYLABEL? EASYLABEL ist eine bew\u00e4hrte Etikettendesignsoftware, die von Unternehmen auf der ganzen Welt zum Entwerfen und Drucken von Etiketten verwendet wird. Seit \u00fcber 40 Jahren hilft es unseren Kunden, schnell und einfach einfache Versandetiketten sowie komplexe Compliance-Etiketten zu erstellen. EASYLABEL Eigenschaften: Kostenlose Unterst\u00fctzung Keine Vertr\u00e4ge Einfaches Layout \u00e4hnlich wie bei Microsoft Office Barcode-Assistent...","og_url":"https:\/\/easylabel.com\/de\/easylabel-overview\/","og_site_name":"EASYLABEL","article_modified_time":"2025-03-07T19:12:55+00:00","twitter_card":"summary_large_image","twitter_misc":{"Gesch\u00e4tzte Lesezeit":"1\u00a0Minute"},"schema":{"@context":"https:\/\/schema.org","@graph":[{"@type":"WebPage","@id":"https:\/\/easylabel.com\/de\/easylabel-overview\/","url":"https:\/\/easylabel.com\/de\/easylabel-overview\/","name":"EASYLABEL \u00dcbersicht | EASYLABEL","isPartOf":{"@id":"https:\/\/easylabel.com\/#website"},"datePublished":"2023-06-22T00:34:13+00:00","dateModified":"2025-03-07T19:12:55+00:00","breadcrumb":{"@id":"https:\/\/easylabel.com\/de\/easylabel-overview\/#breadcrumb"},"inLanguage":"de","potentialAction":[{"@type":"ReadAction","target":["https:\/\/easylabel.com\/de\/easylabel-overview\/"]}]},{"@type":"BreadcrumbList","@id":"https:\/\/easylabel.com\/de\/easylabel-overview\/#breadcrumb","itemListElement":[{"@type":"ListItem","position":1,"name":"Home","item":"https:\/\/easylabel.com\/"},{"@type":"ListItem","position":2,"name":"EASYLABEL \u00dcbersicht"}]},{"@type":"WebSite","@id":"https:\/\/easylabel.com\/#website","url":"https:\/\/easylabel.com\/","name":"EASYLABEL","description":"Etikettierungsexperten seit \u00fcber 40 Jahren","publisher":{"@id":"https:\/\/easylabel.com\/#organization"},"potentialAction":[{"@type":"SearchAction","target":{"@type":"EntryPoint","urlTemplate":"https:\/\/easylabel.com\/?s={search_term_string}"},"query-input":{"@type":"PropertyValueSpecification","valueRequired":true,"valueName":"search_term_string"}}],"inLanguage":"de"},{"@type":"Organization","@id":"https:\/\/easylabel.com\/#organization","name":"EASYLABEL","url":"https:\/\/easylabel.com\/","logo":{"@type":"ImageObject","inLanguage":"de","@id":"https:\/\/easylabel.com\/#\/schema\/logo\/image\/","url":"https:\/\/easylabel.com\/wp-content\/uploads\/2023\/06\/LogoEasylabel.png","contentUrl":"https:\/\/easylabel.com\/wp-content\/uploads\/2023\/06\/LogoEasylabel.png","width":2000,"height":477,"caption":"EASYLABEL"},"image":{"@id":"https:\/\/easylabel.com\/#\/schema\/logo\/image\/"}}]}},"_links":{"self":[{"href":"https:\/\/easylabel.com\/de\/wp-json\/wp\/v2\/pages\/4495","targetHints":{"allow":["GET"]}}],"collection":[{"href":"https:\/\/easylabel.com\/de\/wp-json\/wp\/v2\/pages"}],"about":[{"href":"https:\/\/easylabel.com\/de\/wp-json\/wp\/v2\/types\/page"}],"author":[{"embeddable":true,"href":"https:\/\/easylabel.com\/de\/wp-json\/wp\/v2\/users\/2"}],"replies":[{"embeddable":true,"href":"https:\/\/easylabel.com\/de\/wp-json\/wp\/v2\/comments?post=4495"}],"version-history":[{"count":5,"href":"https:\/\/easylabel.com\/de\/wp-json\/wp\/v2\/pages\/4495\/revisions"}],"predecessor-version":[{"id":5080,"href":"https:\/\/easylabel.com\/de\/wp-json\/wp\/v2\/pages\/4495\/revisions\/5080"}],"wp:attachment":[{"href":"https:\/\/easylabel.com\/de\/wp-json\/wp\/v2\/media?parent=4495"}],"curies":[{"name":"wp","href":"https:\/\/api.w.org\/{rel}","templated":true}]}}