{"id":4506,"date":"2023-06-21T09:31:20","date_gmt":"2023-06-21T13:31:20","guid":{"rendered":"https:\/\/easylabel.com\/datenschutzbestimmungen\/"},"modified":"2025-01-02T11:04:25","modified_gmt":"2025-01-02T16:04:25","slug":"privacy-policy","status":"publish","type":"page","link":"https:\/\/easylabel.com\/de\/privacy-policy\/","title":{"rendered":"Datenschutzbestimmungen"},"content":{"rendered":"\t\t<div data-elementor-type=\"wp-page\" data-elementor-id=\"4506\" class=\"elementor elementor-4506 elementor-3\" data-elementor-settings=\"{&quot;element_pack_global_tooltip_width&quot;:{&quot;unit&quot;:&quot;px&quot;,&quot;size&quot;:&quot;&quot;,&quot;sizes&quot;:[]},&quot;element_pack_global_tooltip_width_tablet&quot;:{&quot;unit&quot;:&quot;px&quot;,&quot;size&quot;:&quot;&quot;,&quot;sizes&quot;:[]},&quot;element_pack_global_tooltip_width_mobile&quot;:{&quot;unit&quot;:&quot;px&quot;,&quot;size&quot;:&quot;&quot;,&quot;sizes&quot;:[]},&quot;element_pack_global_tooltip_padding&quot;:{&quot;unit&quot;:&quot;px&quot;,&quot;top&quot;:&quot;&quot;,&quot;right&quot;:&quot;&quot;,&quot;bottom&quot;:&quot;&quot;,&quot;left&quot;:&quot;&quot;,&quot;isLinked&quot;:true},&quot;element_pack_global_tooltip_padding_tablet&quot;:{&quot;unit&quot;:&quot;px&quot;,&quot;top&quot;:&quot;&quot;,&quot;right&quot;:&quot;&quot;,&quot;bottom&quot;:&quot;&quot;,&quot;left&quot;:&quot;&quot;,&quot;isLinked&quot;:true},&quot;element_pack_global_tooltip_padding_mobile&quot;:{&quot;unit&quot;:&quot;px&quot;,&quot;top&quot;:&quot;&quot;,&quot;right&quot;:&quot;&quot;,&quot;bottom&quot;:&quot;&quot;,&quot;left&quot;:&quot;&quot;,&quot;isLinked&quot;:true},&quot;element_pack_global_tooltip_border_radius&quot;:{&quot;unit&quot;:&quot;px&quot;,&quot;top&quot;:&quot;&quot;,&quot;right&quot;:&quot;&quot;,&quot;bottom&quot;:&quot;&quot;,&quot;left&quot;:&quot;&quot;,&quot;isLinked&quot;:true},&quot;element_pack_global_tooltip_border_radius_tablet&quot;:{&quot;unit&quot;:&quot;px&quot;,&quot;top&quot;:&quot;&quot;,&quot;right&quot;:&quot;&quot;,&quot;bottom&quot;:&quot;&quot;,&quot;left&quot;:&quot;&quot;,&quot;isLinked&quot;:true},&quot;element_pack_global_tooltip_border_radius_mobile&quot;:{&quot;unit&quot;:&quot;px&quot;,&quot;top&quot;:&quot;&quot;,&quot;right&quot;:&quot;&quot;,&quot;bottom&quot;:&quot;&quot;,&quot;left&quot;:&quot;&quot;,&quot;isLinked&quot;:true}}\" data-elementor-post-type=\"page\">\n\t\t\t\t<div class=\"elementor-element elementor-element-3572a784 e-flex e-con-boxed e-con e-parent\" data-id=\"3572a784\" data-element_type=\"container\">\n\t\t\t\t\t<div class=\"e-con-inner\">\n\t\t\t\t<div class=\"elementor-element elementor-element-63cb75ad elementor-widget elementor-widget-text-editor\" data-id=\"63cb75ad\" data-element_type=\"widget\" data-widget_type=\"text-editor.default\">\n\t\t\t\t<div class=\"elementor-widget-container\">\n\t\t\t\t\t\t\t\t\t<p><\/p>\n<h2>Wer wir sind<\/h2>\n<p><\/p>\n<p><\/p>\n<p>Tharo Systems, Inc. ist sich bewusst, wie wichtig es ist, die Privatsph\u00e4re aller Informationen zu sch\u00fctzen, die von den Benutzern dieser Website und den Empf\u00e4ngern unserer E-Mail-Newsletter und Ank\u00fcndigungen zur Verf\u00fcgung gestellt werden. Wir haben diese Richtlinie mit einem grundlegenden Respekt f\u00fcr das Recht unserer Benutzer auf Privatsph\u00e4re erstellt. Unsere Website-Adresse lautet: https:\/\/easylabel.com. <\/p>\n<p><\/p>\n<p><\/p>\n<h2>Nutzung der Website<\/h2>\n<p><\/p>\n<p><\/p>\n<p>Sie k\u00f6nnen die Website von Tharo Systems, Inc. besuchen, ohne sich zu identifizieren oder pers\u00f6nliche Informationen preiszugeben. W\u00e4hrend Sie die Website nutzen, sammelt die Website Standard-Tracking-Daten, die Tharo Systems, Inc. verwendet, um den Website-Verkehr und die Nutzungsmuster zu bewerten. <\/p>\n<p><\/p>\n<p><\/p>\n<h2><strong>Registrieren &amp; Abonnieren<\/strong><\/h2>\n<p><\/p>\n<p><\/p>\n<p>Wenn Sie an unseren Fachveranstaltungen teilnehmen, sich f\u00fcr bestimmte ausgew\u00e4hlte Dienste (wie den Wiederverk\u00e4uferbereich) anmelden oder unsere Newsletter abonnieren, m\u00fcssen Sie sich zun\u00e4chst registrieren. Bei der Registrierung werden die Benutzer aufgefordert, ihre Kontaktdaten wie Name, E-Mail-Adresse, Postanschrift und Telefonnummer anzugeben. Wir verwenden diese Informationen f\u00fcr interne Zwecke, um mit den Nutzern zu kommunizieren und die gew\u00fcnschten Dienste bereitzustellen.  <\/p>\n<p><\/p>\n<p><\/p>\n<h2><strong>Kommunikation mit Uns<\/strong><\/h2>\n<p><\/p>\n<p><\/p>\n<p>Wir verf\u00fcgen \u00fcber Funktionen, mit denen Sie uns Informationen \u00fcbermitteln k\u00f6nnen (z. B. unser Formular &#8222;Kaufberatung&#8220;). Diese Informationen werden zu keinem Zeitpunkt der \u00d6ffentlichkeit oder Dritten zug\u00e4nglich gemacht. Wir k\u00f6nnen E-Mails und andere Informationen, die uns zugesandt werden, f\u00fcr unsere internen Verwaltungszwecke aufbewahren, damit wir unsere Kunden besser bedienen k\u00f6nnen.  <\/p>\n<p><\/p>\n<p><\/p>\n<h2><strong>Mitteilungen von uns<\/strong><\/h2>\n<p><\/p>\n<p><\/p>\n<p>Um unseren Kunden den bestm\u00f6glichen Service zu bieten, senden wir m\u00f6glicherweise Updates mit wichtigen Informationen \u00fcber unsere Websites und Dienste. Zum Beispiel senden wir neuen Mitgliedern eine Begr\u00fc\u00dfungsnachricht und verifizieren Passwort und Benutzername f\u00fcr unsere passwortgesch\u00fctzten Bereiche. Wir k\u00f6nnen auch mit einem Benutzer per E-Mail, Telefon oder Post kommunizieren, um angeforderte Dienstleistungen zu erbringen oder um Fragen zu seinem Konto zu kl\u00e4ren.  <\/p>\n<p><\/p>\n<p><\/p>\n<h2>Cookies<\/h2>\n<p><\/p>\n<p><\/p>\n<p>Wir verwenden &#8222;Cookies&#8220;, d.h. Daten, die auf der Festplatte des Benutzers gespeichert werden und Informationen \u00fcber den Benutzer und seine Besuche auf der Website enthalten. Cookies bieten dem Benutzer den Vorteil, dass er sich nur einmal anmelden muss und so Zeit spart, w\u00e4hrend er unsere Website besucht. Wenn Benutzer die Cookies ablehnen, kann die Nutzung einiger Bereiche unserer Website eingeschr\u00e4nkt sein. Cookies erm\u00f6glichen es uns auch, die Interessen unserer Nutzer zu verfolgen und die Informationen auf unserer Website zu verbessern.   <\/p>\n<p><\/p>\n<p><\/p>\n<p>F\u00fcr unsere internen Zwecke k\u00f6nnen wir Datum, Uhrzeit, Browsertyp und Navigationsverlauf von Besuchern unserer Website erfassen. Diese Daten enthalten keine Informationen, mit denen Benutzer pers\u00f6nlich identifiziert werden k\u00f6nnen. Wir verwenden diese Daten f\u00fcr unsere interne Trendanalyse und Systemadministration und um allgemeine demografische Informationen \u00fcber unsere Nutzer zu sammeln.  <\/p>\n<p><\/p>\n<p><\/p>\n<h2><strong>Interaktive Funktionen<\/strong><\/h2>\n<p><\/p>\n<p><\/p>\n<p>Wir k\u00f6nnen interaktive und gemeinschaftliche Funktionen wie z.B. ein technisches Diskussionsforum anbieten. Beachten Sie, dass alle pers\u00f6nlichen Informationen, die \u00fcber solche Funktionen gesendet oder ver\u00f6ffentlicht werden, zu \u00f6ffentlichen Informationen werden, f\u00fcr die wir nicht verantwortlich sind. <\/p>\n<p><\/p>\n<p><\/p>\n<h2><strong>An wen werden Ihre Informationen weitergegeben?<\/strong><\/h2>\n<p><\/p>\n<p><\/p>\n<p>Sofern in dieser Datenschutzrichtlinie nicht anders angegeben, bewahrt Tharo Systems, Inc. Ihre pers\u00f6nlichen Daten auf und gibt sie NICHT an Dritte weiter, es sei denn, eine solche Weitergabe ist notwendig, um: (a) einer gerichtlichen Anordnung oder einem anderen rechtlichen Verfahren nachzukommen; (b) unsere Rechte oder unser Eigentum zu sch\u00fctzen; oder (c) unsere Nutzungsbedingungen durchzusetzen. Benutzer sollten sich auch dar\u00fcber im Klaren sein, dass Billigkeitsgerichte, wie z.B. U.S. Bankruptcy Courts, unter bestimmten Umst\u00e4nden befugt sind, die Weitergabe von pers\u00f6nlichen Daten an Dritte ohne Genehmigung zu erlauben.    <\/p>\n<p><\/p>\n<p><\/p>\n<p><strong>Korrektur\/Aktualisierung pers\u00f6nlicher Daten<\/strong><br>Wenn sich die pers\u00f6nlichen Daten eines Benutzers \u00e4ndern, wenden Sie sich bitte an<br><strong><a href=\"mailto:sales@tharo.com\">sales@easylabel.com<\/a><\/strong>&nbsp;f\u00fcr alle \u00c4nderungen Ihrer Daten.<\/p>\n<p><\/p>\n<p><\/p>\n<p>Wenn ein Benutzer unsere Newsletter und Ank\u00fcndigungen nicht mehr erhalten m\u00f6chte, sollte er auf den Link&nbsp;<strong>opt-out<\/strong>&nbsp;am Ende der E-Mail klicken.<\/p>\n<p><\/p>\n<p><\/p>\n<h2>Sicherheit<\/h2>\n<p><\/p>\n<p><\/p>\n<p>Wir ergreifen angemessene Vorsichtsma\u00dfnahmen, um die pers\u00f6nlichen Daten unserer Nutzer zu sch\u00fctzen und sicher zu speichern. Dar\u00fcber hinaus ist der Zugang zu allen Informationen unserer Nutzer, nicht nur zu den oben genannten sensiblen Informationen, eingeschr\u00e4nkt. Nur Mitarbeiter, die die Informationen ben\u00f6tigen, um eine bestimmte Aufgabe zu erf\u00fcllen, erhalten Zugang zu personenbezogenen Daten.  <\/p>\n<p><\/p>\n<p><\/p>\n<p>Bei Fragen zu dieser Datenschutzerkl\u00e4rung, zu den Praktiken dieser Website oder zu Gesch\u00e4ften mit Tharo Systems, Inc. senden Sie bitte eine E-Mail an <strong style=\"color: var( --e-global-color-text ); font-family: var( --e-global-typography-text-font-family ), Sans-serif; text-align: var(--text-align); background-color: transparent;\"><a href=\"mailto:sales@tharo.com\" style=\"outline: 0px;\">info@easylabel.com<\/a><\/strong><\/p>\n<p><\/p>\t\t\t\t\t\t\t\t<\/div>\n\t\t\t\t<\/div>\n\t\t\t\t\t<\/div>\n\t\t\t\t<\/div>\n\t\t\t\t<\/div>\n\t\t","protected":false},"excerpt":{"rendered":"<p>Wer wir sind Tharo Systems, Inc. ist sich bewusst, wie wichtig es ist, die Privatsph\u00e4re aller Informationen zu sch\u00fctzen, die von den Benutzern dieser Website und den Empf\u00e4ngern unserer E-Mail-Newsletter und Ank\u00fcndigungen zur Verf\u00fcgung gestellt werden. Wir haben diese Richtlinie mit einem grundlegenden Respekt f\u00fcr das Recht unserer Benutzer auf Privatsph\u00e4re erstellt. Unsere Website-Adresse lautet:&#8230;<\/p>\n","protected":false},"author":1,"featured_media":0,"parent":0,"menu_order":0,"comment_status":"closed","ping_status":"open","template":"","meta":{"_acf_changed":false,"_monsterinsights_skip_tracking":false,"_monsterinsights_sitenote_active":false,"_monsterinsights_sitenote_note":"","_monsterinsights_sitenote_category":0,"_kad_post_transparent":"","_kad_post_title":"","_kad_post_layout":"","_kad_post_sidebar_id":"","_kad_post_content_style":"","_kad_post_vertical_padding":"","_kad_post_feature":"","_kad_post_feature_position":"","_kad_post_header":false,"_kad_post_footer":false,"footnotes":""},"class_list":["post-4506","page","type-page","status-publish","hentry"],"acf":[],"yoast_head":"<!-- This site is optimized with the Yoast SEO Premium plugin v23.6 (Yoast SEO v26.9) - https:\/\/yoast.com\/product\/yoast-seo-premium-wordpress\/ -->\n<title>Datenschutzbestimmungen | EASYLABEL<\/title>\n<meta name=\"robots\" content=\"index, follow, max-snippet:-1, max-image-preview:large, max-video-preview:-1\" \/>\n<link rel=\"canonical\" href=\"https:\/\/easylabel.com\/de\/privacy-policy\/\" \/>\n<meta property=\"og:locale\" content=\"de_DE\" \/>\n<meta property=\"og:type\" content=\"article\" \/>\n<meta property=\"og:title\" content=\"Datenschutzbestimmungen\" \/>\n<meta property=\"og:description\" content=\"Wer wir sind Tharo Systems, Inc. ist sich bewusst, wie wichtig es ist, die Privatsph\u00e4re aller Informationen zu sch\u00fctzen, die von den Benutzern dieser Website und den Empf\u00e4ngern unserer E-Mail-Newsletter und Ank\u00fcndigungen zur Verf\u00fcgung gestellt werden. Wir haben diese Richtlinie mit einem grundlegenden Respekt f\u00fcr das Recht unserer Benutzer auf Privatsph\u00e4re erstellt. Unsere Website-Adresse lautet:...\" \/>\n<meta property=\"og:url\" content=\"https:\/\/easylabel.com\/de\/privacy-policy\/\" \/>\n<meta property=\"og:site_name\" content=\"EASYLABEL\" \/>\n<meta property=\"article:modified_time\" content=\"2025-01-02T16:04:25+00:00\" \/>\n<meta name=\"twitter:card\" content=\"summary_large_image\" \/>\n<meta name=\"twitter:label1\" content=\"Gesch\u00e4tzte Lesezeit\" \/>\n\t<meta name=\"twitter:data1\" content=\"4\u00a0Minuten\" \/>\n<script type=\"application\/ld+json\" class=\"yoast-schema-graph\">{\"@context\":\"https:\/\/schema.org\",\"@graph\":[{\"@type\":\"WebPage\",\"@id\":\"https:\/\/easylabel.com\/de\/privacy-policy\/\",\"url\":\"https:\/\/easylabel.com\/de\/privacy-policy\/\",\"name\":\"Datenschutzbestimmungen | EASYLABEL\",\"isPartOf\":{\"@id\":\"https:\/\/easylabel.com\/#website\"},\"datePublished\":\"2023-06-21T13:31:20+00:00\",\"dateModified\":\"2025-01-02T16:04:25+00:00\",\"breadcrumb\":{\"@id\":\"https:\/\/easylabel.com\/de\/privacy-policy\/#breadcrumb\"},\"inLanguage\":\"de\",\"potentialAction\":[{\"@type\":\"ReadAction\",\"target\":[\"https:\/\/easylabel.com\/de\/privacy-policy\/\"]}]},{\"@type\":\"BreadcrumbList\",\"@id\":\"https:\/\/easylabel.com\/de\/privacy-policy\/#breadcrumb\",\"itemListElement\":[{\"@type\":\"ListItem\",\"position\":1,\"name\":\"Home\",\"item\":\"https:\/\/easylabel.com\/\"},{\"@type\":\"ListItem\",\"position\":2,\"name\":\"Datenschutzbestimmungen\"}]},{\"@type\":\"WebSite\",\"@id\":\"https:\/\/easylabel.com\/#website\",\"url\":\"https:\/\/easylabel.com\/\",\"name\":\"EASYLABEL\",\"description\":\"Etikettierungsexperten seit \u00fcber 40 Jahren\",\"publisher\":{\"@id\":\"https:\/\/easylabel.com\/#organization\"},\"potentialAction\":[{\"@type\":\"SearchAction\",\"target\":{\"@type\":\"EntryPoint\",\"urlTemplate\":\"https:\/\/easylabel.com\/?s={search_term_string}\"},\"query-input\":{\"@type\":\"PropertyValueSpecification\",\"valueRequired\":true,\"valueName\":\"search_term_string\"}}],\"inLanguage\":\"de\"},{\"@type\":\"Organization\",\"@id\":\"https:\/\/easylabel.com\/#organization\",\"name\":\"EASYLABEL\",\"url\":\"https:\/\/easylabel.com\/\",\"logo\":{\"@type\":\"ImageObject\",\"inLanguage\":\"de\",\"@id\":\"https:\/\/easylabel.com\/#\/schema\/logo\/image\/\",\"url\":\"https:\/\/easylabel.com\/wp-content\/uploads\/2023\/06\/LogoEasylabel.png\",\"contentUrl\":\"https:\/\/easylabel.com\/wp-content\/uploads\/2023\/06\/LogoEasylabel.png\",\"width\":2000,\"height\":477,\"caption\":\"EASYLABEL\"},\"image\":{\"@id\":\"https:\/\/easylabel.com\/#\/schema\/logo\/image\/\"}}]}<\/script>\n<!-- \/ Yoast SEO Premium plugin. -->","yoast_head_json":{"title":"Datenschutzbestimmungen | EASYLABEL","robots":{"index":"index","follow":"follow","max-snippet":"max-snippet:-1","max-image-preview":"max-image-preview:large","max-video-preview":"max-video-preview:-1"},"canonical":"https:\/\/easylabel.com\/de\/privacy-policy\/","og_locale":"de_DE","og_type":"article","og_title":"Datenschutzbestimmungen","og_description":"Wer wir sind Tharo Systems, Inc. ist sich bewusst, wie wichtig es ist, die Privatsph\u00e4re aller Informationen zu sch\u00fctzen, die von den Benutzern dieser Website und den Empf\u00e4ngern unserer E-Mail-Newsletter und Ank\u00fcndigungen zur Verf\u00fcgung gestellt werden. Wir haben diese Richtlinie mit einem grundlegenden Respekt f\u00fcr das Recht unserer Benutzer auf Privatsph\u00e4re erstellt. Unsere Website-Adresse lautet:...","og_url":"https:\/\/easylabel.com\/de\/privacy-policy\/","og_site_name":"EASYLABEL","article_modified_time":"2025-01-02T16:04:25+00:00","twitter_card":"summary_large_image","twitter_misc":{"Gesch\u00e4tzte Lesezeit":"4\u00a0Minuten"},"schema":{"@context":"https:\/\/schema.org","@graph":[{"@type":"WebPage","@id":"https:\/\/easylabel.com\/de\/privacy-policy\/","url":"https:\/\/easylabel.com\/de\/privacy-policy\/","name":"Datenschutzbestimmungen | EASYLABEL","isPartOf":{"@id":"https:\/\/easylabel.com\/#website"},"datePublished":"2023-06-21T13:31:20+00:00","dateModified":"2025-01-02T16:04:25+00:00","breadcrumb":{"@id":"https:\/\/easylabel.com\/de\/privacy-policy\/#breadcrumb"},"inLanguage":"de","potentialAction":[{"@type":"ReadAction","target":["https:\/\/easylabel.com\/de\/privacy-policy\/"]}]},{"@type":"BreadcrumbList","@id":"https:\/\/easylabel.com\/de\/privacy-policy\/#breadcrumb","itemListElement":[{"@type":"ListItem","position":1,"name":"Home","item":"https:\/\/easylabel.com\/"},{"@type":"ListItem","position":2,"name":"Datenschutzbestimmungen"}]},{"@type":"WebSite","@id":"https:\/\/easylabel.com\/#website","url":"https:\/\/easylabel.com\/","name":"EASYLABEL","description":"Etikettierungsexperten seit \u00fcber 40 Jahren","publisher":{"@id":"https:\/\/easylabel.com\/#organization"},"potentialAction":[{"@type":"SearchAction","target":{"@type":"EntryPoint","urlTemplate":"https:\/\/easylabel.com\/?s={search_term_string}"},"query-input":{"@type":"PropertyValueSpecification","valueRequired":true,"valueName":"search_term_string"}}],"inLanguage":"de"},{"@type":"Organization","@id":"https:\/\/easylabel.com\/#organization","name":"EASYLABEL","url":"https:\/\/easylabel.com\/","logo":{"@type":"ImageObject","inLanguage":"de","@id":"https:\/\/easylabel.com\/#\/schema\/logo\/image\/","url":"https:\/\/easylabel.com\/wp-content\/uploads\/2023\/06\/LogoEasylabel.png","contentUrl":"https:\/\/easylabel.com\/wp-content\/uploads\/2023\/06\/LogoEasylabel.png","width":2000,"height":477,"caption":"EASYLABEL"},"image":{"@id":"https:\/\/easylabel.com\/#\/schema\/logo\/image\/"}}]}},"_links":{"self":[{"href":"https:\/\/easylabel.com\/de\/wp-json\/wp\/v2\/pages\/4506","targetHints":{"allow":["GET"]}}],"collection":[{"href":"https:\/\/easylabel.com\/de\/wp-json\/wp\/v2\/pages"}],"about":[{"href":"https:\/\/easylabel.com\/de\/wp-json\/wp\/v2\/types\/page"}],"author":[{"embeddable":true,"href":"https:\/\/easylabel.com\/de\/wp-json\/wp\/v2\/users\/1"}],"replies":[{"embeddable":true,"href":"https:\/\/easylabel.com\/de\/wp-json\/wp\/v2\/comments?post=4506"}],"version-history":[{"count":4,"href":"https:\/\/easylabel.com\/de\/wp-json\/wp\/v2\/pages\/4506\/revisions"}],"predecessor-version":[{"id":4513,"href":"https:\/\/easylabel.com\/de\/wp-json\/wp\/v2\/pages\/4506\/revisions\/4513"}],"wp:attachment":[{"href":"https:\/\/easylabel.com\/de\/wp-json\/wp\/v2\/media?parent=4506"}],"curies":[{"name":"wp","href":"https:\/\/api.w.org\/{rel}","templated":true}]}}