{"id":4578,"date":"2024-09-23T10:12:39","date_gmt":"2024-09-23T14:12:39","guid":{"rendered":"https:\/\/easylabel.com\/drucker-rma-formular\/"},"modified":"2025-03-20T14:20:26","modified_gmt":"2025-03-20T18:20:26","slug":"printer-rma","status":"publish","type":"page","link":"https:\/\/easylabel.com\/de\/printer-rma\/","title":{"rendered":"Drucker-RMA-Formular"},"content":{"rendered":"\t\t<div data-elementor-type=\"wp-page\" data-elementor-id=\"4578\" class=\"elementor elementor-4578 elementor-4348\" data-elementor-settings=\"{&quot;element_pack_global_tooltip_width&quot;:{&quot;unit&quot;:&quot;px&quot;,&quot;size&quot;:&quot;&quot;,&quot;sizes&quot;:[]},&quot;element_pack_global_tooltip_width_tablet&quot;:{&quot;unit&quot;:&quot;px&quot;,&quot;size&quot;:&quot;&quot;,&quot;sizes&quot;:[]},&quot;element_pack_global_tooltip_width_mobile&quot;:{&quot;unit&quot;:&quot;px&quot;,&quot;size&quot;:&quot;&quot;,&quot;sizes&quot;:[]},&quot;element_pack_global_tooltip_padding&quot;:{&quot;unit&quot;:&quot;px&quot;,&quot;top&quot;:&quot;&quot;,&quot;right&quot;:&quot;&quot;,&quot;bottom&quot;:&quot;&quot;,&quot;left&quot;:&quot;&quot;,&quot;isLinked&quot;:true},&quot;element_pack_global_tooltip_padding_tablet&quot;:{&quot;unit&quot;:&quot;px&quot;,&quot;top&quot;:&quot;&quot;,&quot;right&quot;:&quot;&quot;,&quot;bottom&quot;:&quot;&quot;,&quot;left&quot;:&quot;&quot;,&quot;isLinked&quot;:true},&quot;element_pack_global_tooltip_padding_mobile&quot;:{&quot;unit&quot;:&quot;px&quot;,&quot;top&quot;:&quot;&quot;,&quot;right&quot;:&quot;&quot;,&quot;bottom&quot;:&quot;&quot;,&quot;left&quot;:&quot;&quot;,&quot;isLinked&quot;:true},&quot;element_pack_global_tooltip_border_radius&quot;:{&quot;unit&quot;:&quot;px&quot;,&quot;top&quot;:&quot;&quot;,&quot;right&quot;:&quot;&quot;,&quot;bottom&quot;:&quot;&quot;,&quot;left&quot;:&quot;&quot;,&quot;isLinked&quot;:true},&quot;element_pack_global_tooltip_border_radius_tablet&quot;:{&quot;unit&quot;:&quot;px&quot;,&quot;top&quot;:&quot;&quot;,&quot;right&quot;:&quot;&quot;,&quot;bottom&quot;:&quot;&quot;,&quot;left&quot;:&quot;&quot;,&quot;isLinked&quot;:true},&quot;element_pack_global_tooltip_border_radius_mobile&quot;:{&quot;unit&quot;:&quot;px&quot;,&quot;top&quot;:&quot;&quot;,&quot;right&quot;:&quot;&quot;,&quot;bottom&quot;:&quot;&quot;,&quot;left&quot;:&quot;&quot;,&quot;isLinked&quot;:true}}\" data-elementor-post-type=\"page\">\n\t\t\t\t<div class=\"elementor-element elementor-element-57f020a e-flex e-con-boxed e-con e-child\" data-id=\"57f020a\" data-element_type=\"container\">\n\t\t\t\t\t<div class=\"e-con-inner\">\n\t\t<div class=\"elementor-element elementor-element-1ab4135 e-con-full e-flex e-con e-child\" data-id=\"1ab4135\" data-element_type=\"container\">\n\t\t\t\t<div class=\"elementor-element elementor-element-167f9fd7 elementor-widget elementor-widget-text-editor\" data-id=\"167f9fd7\" data-element_type=\"widget\" data-widget_type=\"text-editor.default\">\n\t\t\t\t<div class=\"elementor-widget-container\">\n\t\t\t\t\t\t\t\t\t<p>F\u00fcllen Sie das untenstehende Formular aus und wir werden Sie so schnell wie m\u00f6glich kontaktieren!<\/p>\n\t\t\t\t\t\t\t\t<\/div>\n\t\t\t\t<\/div>\n\t\t\t\t<div class=\"elementor-element elementor-element-46d8150b elementor-button-align-stretch elementor-widget elementor-widget-form\" data-id=\"46d8150b\" data-element_type=\"widget\" data-settings=\"{&quot;step_next_label&quot;:&quot;N\\u00e4chste&quot;,&quot;step_previous_label&quot;:&quot;Vorherige&quot;,&quot;button_width_tablet&quot;:&quot;100&quot;,&quot;button_width&quot;:&quot;100&quot;,&quot;step_type&quot;:&quot;number_text&quot;,&quot;step_icon_shape&quot;:&quot;circle&quot;,&quot;label_icon_size&quot;:{&quot;unit&quot;:&quot;px&quot;,&quot;size&quot;:&quot;&quot;,&quot;sizes&quot;:[]},&quot;field_icon_size&quot;:{&quot;unit&quot;:&quot;px&quot;,&quot;size&quot;:&quot;&quot;,&quot;sizes&quot;:[]}}\" data-widget_type=\"form.default\">\n\t\t\t\t<div class=\"elementor-widget-container\">\n\t\t\t\t\t<div class=\"dce-conditions-js-error-notice elementor-message elementor-message-danger\" style=\"display: none;\">A problem was detected in the following Form. Submitting it could result in errors. Please contact the site administrator.<\/div>\t\t\t<script>\n\t\t\tsetTimeout(function() {\n\t\t\t\tlet el = document.querySelector(\".dce-conditions-js-error-notice\");\n\t\t\t\tif (el)\n\t\t\t\t\tel.style.display = \"block\";\n\t\t\t}, 2000);\n\t\t\t<\/script>\t\t<form class=\"elementor-form\" method=\"post\" id=\"form\" name=\"Kontakt-Formular\">\n\t\t\t<input type=\"hidden\" name=\"post_id\" value=\"4578\"\/>\n\t\t\t<input type=\"hidden\" name=\"form_id\" value=\"46d8150b\"\/>\n\t\t\t<input type=\"hidden\" name=\"referer_title\" value=\"EASYLABEL\" \/>\n\n\t\t\t\n\t\t\t<div data-field-conditions=\"[{&quot;id&quot;:&quot;name&quot;,&quot;condition&quot;:&quot;(accept)&quot;,&quot;mode&quot;:&quot;show&quot;,&quot;disableOnly&quot;:false},{&quot;id&quot;:&quot;company&quot;,&quot;condition&quot;:&quot;(accept)&quot;,&quot;mode&quot;:&quot;show&quot;,&quot;disableOnly&quot;:false},{&quot;id&quot;:&quot;email&quot;,&quot;condition&quot;:&quot;(accept)&quot;,&quot;mode&quot;:&quot;show&quot;,&quot;disableOnly&quot;:false},{&quot;id&quot;:&quot;phonenum&quot;,&quot;condition&quot;:&quot;(accept)&quot;,&quot;mode&quot;:&quot;show&quot;,&quot;disableOnly&quot;:false},{&quot;id&quot;:&quot;address&quot;,&quot;condition&quot;:&quot;(accept)&quot;,&quot;mode&quot;:&quot;show&quot;,&quot;disableOnly&quot;:false},{&quot;id&quot;:&quot;returnProduct&quot;,&quot;condition&quot;:&quot;(accept)&quot;,&quot;mode&quot;:&quot;show&quot;,&quot;disableOnly&quot;:false},{&quot;id&quot;:&quot;returnReason&quot;,&quot;condition&quot;:&quot;(accept)&quot;,&quot;mode&quot;:&quot;show&quot;,&quot;disableOnly&quot;:false},{&quot;id&quot;:&quot;modelAndSerialNo&quot;,&quot;condition&quot;:&quot;(accept)&quot;,&quot;mode&quot;:&quot;show&quot;,&quot;disableOnly&quot;:false},{&quot;id&quot;:&quot;file&quot;,&quot;condition&quot;:&quot;(accept)&quot;,&quot;mode&quot;:&quot;show&quot;,&quot;disableOnly&quot;:false}]\" data-field-ids=\"[&quot;accept&quot;,&quot;name&quot;,&quot;company&quot;,&quot;email&quot;,&quot;phonenum&quot;,&quot;address&quot;,&quot;returnProduct&quot;,&quot;returnReason&quot;,&quot;modelAndSerialNo&quot;,&quot;file&quot;,&quot;winnieThePooh&quot;]\" class=\"elementor-form-fields-wrapper elementor-labels-above\">\n\t\t\t\t\t\t\t\t<div class=\"elementor-field-type-acceptance elementor-field-group elementor-column elementor-field-group-accept elementor-col-100 elementor-field-required elementor-mark-required\">\n\t\t\t\t\t\t\t\t\t\t\t\t<label for=\"form-field-accept\" class=\"elementor-field-label\">\n\t\t\t\t\t\t\t\t<strong><u>REPARATURVERFAHREN F\u00dcR PREPAID-KUNDEN<\/u><\/strong><br>1. WENN DER DRUCKER ZUR REPARATUR BEI THARO EINTRIFFT, M\u00dcSSEN DIE KREDITKARTENINFORMATIONEN ANGEGEBEN WERDEN, BEVOR DER DRUCKER BEWERTET WIRD.<br>2. SOBALD WIR DIESE INFORMATIONEN ERHALTEN HABEN, WIRD DER DRUCKER BEWERTET UND EIN KOSTENVORANSCHLAG F\u00dcR DIE REPARATUR PER E-MAIL VERSANDT.<br>3. NACH GENEHMIGUNG DES KOSTENVORANSCHLAGS (**INNERHALB VON 5 WERKTAGEN) WERDEN DIE REPARATUREN DURCHGEF\u00dcHRT. WENN REPARATUREN <strong><u>NICHT<\/u><\/strong> ERW\u00dcNSCHT SIND, WIRD DIE KREDITKARTE MIT EINER BEWERTUNGSGEB\u00dcHR VON $110,00 UND UPS GROUND FREIGHT BELASTET UND DER DRUCKER WIRD ZU DIESEM ZEITPUNKT ZUR\u00dcCKGESCHICKT.<br>4. WENN DER DRUCKER FERTIGGESTELLT IST, WIRD DIE KREDITKARTE AUTOMATISCH MIT DEN REPARATURKOSTEN BELASTET (DER KUNDE WIRD KONTAKTIERT, WENN DIE REPARATURKOSTEN 15% DES URSPR\u00dcNGLICHEN KOSTENVORANSCHLAGS \u00dcBERSTEIGEN), ZUZ\u00dcGLICH DER FRACHTKOSTEN F\u00dcR UPS. DER DRUCKER WIRD DEM KUNDEN UNVERZ\u00dcGLICH AN DIE AUF DEM RMA-FORMULAR ANGEGEBENE ADRESSE ZUR\u00dcCKGESCHICKT.  <br><br>BITTE BEACHTEN SIE: ALLE KREDITKARTENINFORMATIONEN WERDEN NACH DER ABBUCHUNG VERNICHTET REPARATURVERFAHREN F\u00dcR NETTO 30 KUNDEN<br><br><strong><u>REPARATURVERFAHREN F\u00dcR NET 30 KUNDEN<\/u><\/strong><br>1. DER KUNDE ERH\u00c4LT EINEN KOSTENVORANSCHLAG PER E-MAIL UND NACH DESSEN GENEHMIGUNG (** INNERHALB VON 5 WERKTAGEN) BEGINNT DIE REPARATUR.<br>2. SOBALD DER DRUCKER ZUR R\u00dcCKSENDUNG BEREIT IST, WIRD DER KUNDE UM EINE BESTELLUNG \u00dcBER DEN GESAMTBETRAG DER REPARATUREN GEBETEN.<br>3. SOBALD DIE BESTELLUNG EINGEGANGEN IST (**INNERHALB VON 5 WERKTAGEN), WIRD DER DRUCKER AN DIE AUF DER BESTELLUNG ANGEGEBENE ADRESSE ZUR\u00dcCKGESCHICKT UND DIE RECHNUNG WIRD VERSANDT.<br>**AB DEM 6.\t\t\t\t\t\t\t<\/label>\n\t\t\t\t\t\t\t\t<div class=\"elementor-field-subgroup\">\n\t\t\t<span class=\"elementor-field-option\">\n\t\t\t\t<input type=\"checkbox\" name=\"form_fields[accept]\" id=\"form-field-accept\" class=\"elementor-field elementor-size-sm  elementor-acceptance-field\" required=\"required\" aria-required=\"true\">\n\t\t\t\t<label for=\"form-field-accept\">Ich habe diese Bedingungen gelesen und verstanden<\/label>\t\t\t<\/span>\n\t\t<\/div>\n\t\t\t\t\t\t<\/div>\n\t\t\t\t\t\t\t\t<div class=\"elementor-field-type-text elementor-field-group elementor-column elementor-field-group-name elementor-col-50 elementor-field-required elementor-mark-required\">\n\t\t\t\t\t\t\t\t\t\t\t\t<label for=\"form-field-name\" class=\"elementor-field-label\">\n\t\t\t\t\t\t\t\tIhr Name\t\t\t\t\t\t\t<\/label>\n\t\t\t\t\t\t\t\t\t\t\t\t\t\t<input size=\"1\" type=\"text\" name=\"form_fields[name]\" id=\"form-field-name\" class=\"elementor-field elementor-size-sm  elementor-field-textual\" required=\"required\" aria-required=\"true\">\n\t\t\t\t\t\t\t\t\t\t\t<\/div>\n\t\t\t\t\t\t\t\t<div class=\"elementor-field-type-text elementor-field-group elementor-column elementor-field-group-company elementor-col-50 elementor-field-required elementor-mark-required\">\n\t\t\t\t\t\t\t\t\t\t\t\t<label for=\"form-field-company\" class=\"elementor-field-label\">\n\t\t\t\t\t\t\t\tIhr Unternehmen\t\t\t\t\t\t\t<\/label>\n\t\t\t\t\t\t\t\t\t\t\t\t\t\t<input size=\"1\" type=\"text\" name=\"form_fields[company]\" id=\"form-field-company\" class=\"elementor-field elementor-size-sm  elementor-field-textual\" required=\"required\" aria-required=\"true\">\n\t\t\t\t\t\t\t\t\t\t\t<\/div>\n\t\t\t\t\t\t\t\t<div class=\"elementor-field-type-email elementor-field-group elementor-column elementor-field-group-email elementor-col-50 elementor-md-50 elementor-field-required elementor-mark-required\">\n\t\t\t\t\t\t\t\t\t\t\t\t<label for=\"form-field-email\" class=\"elementor-field-label\">\n\t\t\t\t\t\t\t\tIhre E-Mail\t\t\t\t\t\t\t<\/label>\n\t\t\t\t\t\t\t\t\t\t\t\t\t\t<input size=\"1\" type=\"email\" name=\"form_fields[email]\" id=\"form-field-email\" class=\"elementor-field elementor-size-sm  elementor-field-textual\" required=\"required\" aria-required=\"true\">\n\t\t\t\t\t\t\t\t\t\t\t<\/div>\n\t\t\t\t\t\t\t\t<div class=\"elementor-field-type-tel elementor-field-group elementor-column elementor-field-group-phonenum elementor-col-50 elementor-md-50 elementor-field-required elementor-mark-required\">\n\t\t\t\t\t\t\t\t\t\t\t\t<label for=\"form-field-phonenum\" class=\"elementor-field-label\">\n\t\t\t\t\t\t\t\tTelefon Nummer\t\t\t\t\t\t\t<\/label>\n\t\t\t\t\t\t\t\t<input size=\"1\" type=\"tel\" name=\"form_fields[phonenum]\" id=\"form-field-phonenum\" class=\"elementor-field elementor-size-sm  elementor-field-textual\" required=\"required\" aria-required=\"true\" pattern=\"[0-9()#&amp;+*-=.]+\" title=\"Nur Nummern oder Telefon-Zeichen (#, -, *, etc) werden akzeptiert.\">\n\n\t\t\t\t\t\t<\/div>\n\t\t\t\t\t\t\t\t<div class=\"elementor-field-type-textarea elementor-field-group elementor-column elementor-field-group-address elementor-col-100 elementor-field-required elementor-mark-required\">\n\t\t\t\t\t\t\t\t\t\t\t\t<label for=\"form-field-address\" class=\"elementor-field-label\">\n\t\t\t\t\t\t\t\tAdresse\t\t\t\t\t\t\t<\/label>\n\t\t\t\t\t\t<textarea class=\"elementor-field-textual elementor-field  elementor-size-sm\" name=\"form_fields[address]\" id=\"form-field-address\" rows=\"4\" required=\"required\" aria-required=\"true\"><\/textarea>\t\t\t\t<\/div>\n\t\t\t\t\t\t\t\t<div class=\"elementor-field-type-select elementor-field-group elementor-column elementor-field-group-returnProduct elementor-col-100 elementor-field-required elementor-mark-required\">\n\t\t\t\t\t\t\t\t\t\t\t\t<label for=\"form-field-returnProduct\" class=\"elementor-field-label\">\n\t\t\t\t\t\t\t\tZur\u00fcckzuschickendes Produkt\t\t\t\t\t\t\t<\/label>\n\t\t\t\t\t\t\t\t<div class=\"elementor-field elementor-select-wrapper remove-before \">\n\t\t\t<div class=\"select-caret-down-wrapper\">\n\t\t\t\t<i aria-hidden=\"true\" class=\"eicon-caret-down\"><\/i>\t\t\t<\/div>\n\t\t\t<select name=\"form_fields[returnProduct]\" id=\"form-field-returnProduct\" class=\"elementor-field-textual elementor-size-sm\" required=\"required\" aria-required=\"true\">\n\t\t\t\t\t\t\t\t\t<option value=\"\"><\/option>\n\t\t\t\t\t\t\t\t\t<option value=\"WibuKey Hardware Dongle\">WibuKey Hardware Dongle<\/option>\n\t\t\t\t\t\t\t\t\t<option value=\"Unge\u00f6ffnetes Lizenzpaket\">Unge\u00f6ffnetes Lizenzpaket<\/option>\n\t\t\t\t\t\t\t\t\t<option value=\"THARO Drucker\">THARO Drucker<\/option>\n\t\t\t\t\t\t\t\t\t<option value=\"THARO Druckerteil\">THARO Druckerteil<\/option>\n\t\t\t\t\t\t\t<\/select>\n\t\t<\/div>\n\t\t\t\t\t\t<\/div>\n\t\t\t\t\t\t\t\t<div class=\"elementor-field-type-textarea elementor-field-group elementor-column elementor-field-group-returnReason elementor-col-100 elementor-field-required elementor-mark-required\">\n\t\t\t\t\t\t\t\t\t\t\t\t<label for=\"form-field-returnReason\" class=\"elementor-field-label\">\n\t\t\t\t\t\t\t\tGrund f\u00fcr die R\u00fcckkehr\t\t\t\t\t\t\t<\/label>\n\t\t\t\t\t\t<textarea class=\"elementor-field-textual elementor-field  elementor-size-sm\" name=\"form_fields[returnReason]\" id=\"form-field-returnReason\" rows=\"4\" required=\"required\" aria-required=\"true\"><\/textarea>\t\t\t\t<\/div>\n\t\t\t\t\t\t\t\t<div class=\"elementor-field-type-textarea elementor-field-group elementor-column elementor-field-group-modelAndSerialNo elementor-col-100 elementor-field-required elementor-mark-required\">\n\t\t\t\t\t\t\t\t\t\t\t\t<label for=\"form-field-modelAndSerialNo\" class=\"elementor-field-label\">\n\t\t\t\t\t\t\t\tModell und Seriennummer\t\t\t\t\t\t\t<\/label>\n\t\t\t\t\t\t<textarea class=\"elementor-field-textual elementor-field  elementor-size-sm\" name=\"form_fields[modelAndSerialNo]\" id=\"form-field-modelAndSerialNo\" rows=\"4\" required=\"required\" aria-required=\"true\"><\/textarea>\t\t\t\t<\/div>\n\t\t\t\t\t\t\t\t<div class=\"elementor-field-type-upload elementor-field-group elementor-column elementor-field-group-file elementor-col-100\">\n\t\t\t\t\t\t\t\t\t\t\t\t<label for=\"form-field-file\" class=\"elementor-field-label\">\n\t\t\t\t\t\t\t\tOptionale Datei\t\t\t\t\t\t\t<\/label>\n\t\t\t\t\t\t\t\t<input type=\"file\" name=\"form_fields[file][]\" id=\"form-field-file\" class=\"elementor-field elementor-size-sm  elementor-upload-field\" multiple=\"multiple\" data-maxsize=\"10\" data-maxsize-message=\"Diese Datei \u00fcbersteigt die maximale Dateigr\u00f6\u00dfe.\">\n\n\t\t\t\t\t\t<\/div>\n\t\t\t\t\t\t\t\t<div class=\"elementor-field-type-text\">\n\t\t\t\t\t<input size=\"1\" type=\"text\" name=\"form_fields[winnieThePooh]\" id=\"form-field-winnieThePooh\" class=\"elementor-field elementor-size-sm \" style=\"display:none !important;\">\t\t\t\t<\/div>\n\t\t\t\t\t\t\t\t<div class=\"elementor-field-group elementor-column elementor-field-type-submit elementor-col-100 e-form__buttons elementor-md-100\">\n\t\t\t\t\t<button class=\"elementor-button elementor-size-md\" type=\"submit\">\n\t\t\t\t\t\t<span class=\"elementor-button-content-wrapper\">\n\t\t\t\t\t\t\t\t\t\t\t\t\t\t\t\t\t\t\t\t\t\t<span class=\"elementor-button-text\">Senden Sie<\/span>\n\t\t\t\t\t\t\t\t\t\t\t\t\t<\/span>\n\t\t\t\t\t<\/button>\n\t\t\t\t<\/div>\n\t\t\t<\/div>\n\t\t<\/form>\n\t\t\t\t\t\t<\/div>\n\t\t\t\t<\/div>\n\t\t\t\t<\/div>\n\t\t\t\t<div class=\"elementor-element elementor-element-5b1bd52f elementor-widget elementor-widget-spacer\" data-id=\"5b1bd52f\" data-element_type=\"widget\" data-widget_type=\"spacer.default\">\n\t\t\t\t<div class=\"elementor-widget-container\">\n\t\t\t\t\t\t\t<div class=\"elementor-spacer\">\n\t\t\t<div class=\"elementor-spacer-inner\"><\/div>\n\t\t<\/div>\n\t\t\t\t\t\t<\/div>\n\t\t\t\t<\/div>\n\t\t\t\t\t<\/div>\n\t\t\t\t<\/div>\n\t\t\t\t<\/div>\n\t\t","protected":false},"excerpt":{"rendered":"<p>F\u00fcllen Sie das untenstehende Formular aus und wir werden Sie so schnell wie m\u00f6glich kontaktieren!<\/p>\n","protected":false},"author":3,"featured_media":0,"parent":0,"menu_order":0,"comment_status":"closed","ping_status":"closed","template":"","meta":{"_acf_changed":false,"_monsterinsights_skip_tracking":false,"_monsterinsights_sitenote_active":false,"_monsterinsights_sitenote_note":"","_monsterinsights_sitenote_category":0,"_kad_post_transparent":"","_kad_post_title":"show","_kad_post_layout":"fullwidth","_kad_post_sidebar_id":"","_kad_post_content_style":"unboxed","_kad_post_vertical_padding":"hide","_kad_post_feature":"hide","_kad_post_feature_position":"","_kad_post_header":false,"_kad_post_footer":false,"footnotes":""},"class_list":["post-4578","page","type-page","status-publish","hentry"],"acf":[],"yoast_head":"<!-- This site is optimized with the Yoast SEO Premium plugin v23.6 (Yoast SEO v26.9) - https:\/\/yoast.com\/product\/yoast-seo-premium-wordpress\/ -->\n<title>Drucker-RMA-Formular | EASYLABEL<\/title>\n<meta name=\"robots\" content=\"index, follow, max-snippet:-1, max-image-preview:large, max-video-preview:-1\" \/>\n<link rel=\"canonical\" href=\"https:\/\/easylabel.com\/de\/printer-rma\/\" \/>\n<meta property=\"og:locale\" content=\"de_DE\" \/>\n<meta property=\"og:type\" content=\"article\" \/>\n<meta property=\"og:title\" content=\"Drucker-RMA-Formular\" \/>\n<meta property=\"og:description\" content=\"F\u00fcllen Sie das untenstehende Formular aus und wir werden Sie so schnell wie m\u00f6glich kontaktieren!\" \/>\n<meta property=\"og:url\" content=\"https:\/\/easylabel.com\/de\/printer-rma\/\" \/>\n<meta property=\"og:site_name\" content=\"EASYLABEL\" \/>\n<meta property=\"article:modified_time\" content=\"2025-03-20T18:20:26+00:00\" \/>\n<meta name=\"twitter:card\" content=\"summary_large_image\" \/>\n<meta name=\"twitter:label1\" content=\"Gesch\u00e4tzte Lesezeit\" \/>\n\t<meta name=\"twitter:data1\" content=\"2\u00a0Minuten\" \/>\n<script type=\"application\/ld+json\" class=\"yoast-schema-graph\">{\"@context\":\"https:\/\/schema.org\",\"@graph\":[{\"@type\":\"WebPage\",\"@id\":\"https:\/\/easylabel.com\/de\/printer-rma\/\",\"url\":\"https:\/\/easylabel.com\/de\/printer-rma\/\",\"name\":\"Drucker-RMA-Formular | EASYLABEL\",\"isPartOf\":{\"@id\":\"https:\/\/easylabel.com\/#website\"},\"datePublished\":\"2024-09-23T14:12:39+00:00\",\"dateModified\":\"2025-03-20T18:20:26+00:00\",\"breadcrumb\":{\"@id\":\"https:\/\/easylabel.com\/de\/printer-rma\/#breadcrumb\"},\"inLanguage\":\"de\",\"potentialAction\":[{\"@type\":\"ReadAction\",\"target\":[\"https:\/\/easylabel.com\/de\/printer-rma\/\"]}]},{\"@type\":\"BreadcrumbList\",\"@id\":\"https:\/\/easylabel.com\/de\/printer-rma\/#breadcrumb\",\"itemListElement\":[{\"@type\":\"ListItem\",\"position\":1,\"name\":\"Home\",\"item\":\"https:\/\/easylabel.com\/\"},{\"@type\":\"ListItem\",\"position\":2,\"name\":\"Drucker-RMA-Formular\"}]},{\"@type\":\"WebSite\",\"@id\":\"https:\/\/easylabel.com\/#website\",\"url\":\"https:\/\/easylabel.com\/\",\"name\":\"EASYLABEL\",\"description\":\"Etikettierungsexperten seit \u00fcber 40 Jahren\",\"publisher\":{\"@id\":\"https:\/\/easylabel.com\/#organization\"},\"potentialAction\":[{\"@type\":\"SearchAction\",\"target\":{\"@type\":\"EntryPoint\",\"urlTemplate\":\"https:\/\/easylabel.com\/?s={search_term_string}\"},\"query-input\":{\"@type\":\"PropertyValueSpecification\",\"valueRequired\":true,\"valueName\":\"search_term_string\"}}],\"inLanguage\":\"de\"},{\"@type\":\"Organization\",\"@id\":\"https:\/\/easylabel.com\/#organization\",\"name\":\"EASYLABEL\",\"url\":\"https:\/\/easylabel.com\/\",\"logo\":{\"@type\":\"ImageObject\",\"inLanguage\":\"de\",\"@id\":\"https:\/\/easylabel.com\/#\/schema\/logo\/image\/\",\"url\":\"https:\/\/easylabel.com\/wp-content\/uploads\/2023\/06\/LogoEasylabel.png\",\"contentUrl\":\"https:\/\/easylabel.com\/wp-content\/uploads\/2023\/06\/LogoEasylabel.png\",\"width\":2000,\"height\":477,\"caption\":\"EASYLABEL\"},\"image\":{\"@id\":\"https:\/\/easylabel.com\/#\/schema\/logo\/image\/\"}}]}<\/script>\n<!-- \/ Yoast SEO Premium plugin. -->","yoast_head_json":{"title":"Drucker-RMA-Formular | EASYLABEL","robots":{"index":"index","follow":"follow","max-snippet":"max-snippet:-1","max-image-preview":"max-image-preview:large","max-video-preview":"max-video-preview:-1"},"canonical":"https:\/\/easylabel.com\/de\/printer-rma\/","og_locale":"de_DE","og_type":"article","og_title":"Drucker-RMA-Formular","og_description":"F\u00fcllen Sie das untenstehende Formular aus und wir werden Sie so schnell wie m\u00f6glich kontaktieren!","og_url":"https:\/\/easylabel.com\/de\/printer-rma\/","og_site_name":"EASYLABEL","article_modified_time":"2025-03-20T18:20:26+00:00","twitter_card":"summary_large_image","twitter_misc":{"Gesch\u00e4tzte Lesezeit":"2\u00a0Minuten"},"schema":{"@context":"https:\/\/schema.org","@graph":[{"@type":"WebPage","@id":"https:\/\/easylabel.com\/de\/printer-rma\/","url":"https:\/\/easylabel.com\/de\/printer-rma\/","name":"Drucker-RMA-Formular | EASYLABEL","isPartOf":{"@id":"https:\/\/easylabel.com\/#website"},"datePublished":"2024-09-23T14:12:39+00:00","dateModified":"2025-03-20T18:20:26+00:00","breadcrumb":{"@id":"https:\/\/easylabel.com\/de\/printer-rma\/#breadcrumb"},"inLanguage":"de","potentialAction":[{"@type":"ReadAction","target":["https:\/\/easylabel.com\/de\/printer-rma\/"]}]},{"@type":"BreadcrumbList","@id":"https:\/\/easylabel.com\/de\/printer-rma\/#breadcrumb","itemListElement":[{"@type":"ListItem","position":1,"name":"Home","item":"https:\/\/easylabel.com\/"},{"@type":"ListItem","position":2,"name":"Drucker-RMA-Formular"}]},{"@type":"WebSite","@id":"https:\/\/easylabel.com\/#website","url":"https:\/\/easylabel.com\/","name":"EASYLABEL","description":"Etikettierungsexperten seit \u00fcber 40 Jahren","publisher":{"@id":"https:\/\/easylabel.com\/#organization"},"potentialAction":[{"@type":"SearchAction","target":{"@type":"EntryPoint","urlTemplate":"https:\/\/easylabel.com\/?s={search_term_string}"},"query-input":{"@type":"PropertyValueSpecification","valueRequired":true,"valueName":"search_term_string"}}],"inLanguage":"de"},{"@type":"Organization","@id":"https:\/\/easylabel.com\/#organization","name":"EASYLABEL","url":"https:\/\/easylabel.com\/","logo":{"@type":"ImageObject","inLanguage":"de","@id":"https:\/\/easylabel.com\/#\/schema\/logo\/image\/","url":"https:\/\/easylabel.com\/wp-content\/uploads\/2023\/06\/LogoEasylabel.png","contentUrl":"https:\/\/easylabel.com\/wp-content\/uploads\/2023\/06\/LogoEasylabel.png","width":2000,"height":477,"caption":"EASYLABEL"},"image":{"@id":"https:\/\/easylabel.com\/#\/schema\/logo\/image\/"}}]}},"_links":{"self":[{"href":"https:\/\/easylabel.com\/de\/wp-json\/wp\/v2\/pages\/4578","targetHints":{"allow":["GET"]}}],"collection":[{"href":"https:\/\/easylabel.com\/de\/wp-json\/wp\/v2\/pages"}],"about":[{"href":"https:\/\/easylabel.com\/de\/wp-json\/wp\/v2\/types\/page"}],"author":[{"embeddable":true,"href":"https:\/\/easylabel.com\/de\/wp-json\/wp\/v2\/users\/3"}],"replies":[{"embeddable":true,"href":"https:\/\/easylabel.com\/de\/wp-json\/wp\/v2\/comments?post=4578"}],"version-history":[{"count":5,"href":"https:\/\/easylabel.com\/de\/wp-json\/wp\/v2\/pages\/4578\/revisions"}],"predecessor-version":[{"id":5684,"href":"https:\/\/easylabel.com\/de\/wp-json\/wp\/v2\/pages\/4578\/revisions\/5684"}],"wp:attachment":[{"href":"https:\/\/easylabel.com\/de\/wp-json\/wp\/v2\/media?parent=4578"}],"curies":[{"name":"wp","href":"https:\/\/api.w.org\/{rel}","templated":true}]}}