{"id":5289,"date":"2023-07-10T20:57:17","date_gmt":"2023-07-11T00:57:17","guid":{"rendered":"https:\/\/easylabel.com\/enlaces-de-la-industria\/"},"modified":"2025-03-19T10:44:32","modified_gmt":"2025-03-19T14:44:32","slug":"industry-links","status":"publish","type":"page","link":"https:\/\/easylabel.com\/es\/industry-links\/","title":{"rendered":"Enlaces de la industria"},"content":{"rendered":"\t\t<div data-elementor-type=\"wp-page\" data-elementor-id=\"5289\" class=\"elementor elementor-5289 elementor-402\" data-elementor-settings=\"{&quot;element_pack_global_tooltip_width&quot;:{&quot;unit&quot;:&quot;px&quot;,&quot;size&quot;:&quot;&quot;,&quot;sizes&quot;:[]},&quot;element_pack_global_tooltip_width_tablet&quot;:{&quot;unit&quot;:&quot;px&quot;,&quot;size&quot;:&quot;&quot;,&quot;sizes&quot;:[]},&quot;element_pack_global_tooltip_width_mobile&quot;:{&quot;unit&quot;:&quot;px&quot;,&quot;size&quot;:&quot;&quot;,&quot;sizes&quot;:[]},&quot;element_pack_global_tooltip_padding&quot;:{&quot;unit&quot;:&quot;px&quot;,&quot;top&quot;:&quot;&quot;,&quot;right&quot;:&quot;&quot;,&quot;bottom&quot;:&quot;&quot;,&quot;left&quot;:&quot;&quot;,&quot;isLinked&quot;:true},&quot;element_pack_global_tooltip_padding_tablet&quot;:{&quot;unit&quot;:&quot;px&quot;,&quot;top&quot;:&quot;&quot;,&quot;right&quot;:&quot;&quot;,&quot;bottom&quot;:&quot;&quot;,&quot;left&quot;:&quot;&quot;,&quot;isLinked&quot;:true},&quot;element_pack_global_tooltip_padding_mobile&quot;:{&quot;unit&quot;:&quot;px&quot;,&quot;top&quot;:&quot;&quot;,&quot;right&quot;:&quot;&quot;,&quot;bottom&quot;:&quot;&quot;,&quot;left&quot;:&quot;&quot;,&quot;isLinked&quot;:true},&quot;element_pack_global_tooltip_border_radius&quot;:{&quot;unit&quot;:&quot;px&quot;,&quot;top&quot;:&quot;&quot;,&quot;right&quot;:&quot;&quot;,&quot;bottom&quot;:&quot;&quot;,&quot;left&quot;:&quot;&quot;,&quot;isLinked&quot;:true},&quot;element_pack_global_tooltip_border_radius_tablet&quot;:{&quot;unit&quot;:&quot;px&quot;,&quot;top&quot;:&quot;&quot;,&quot;right&quot;:&quot;&quot;,&quot;bottom&quot;:&quot;&quot;,&quot;left&quot;:&quot;&quot;,&quot;isLinked&quot;:true},&quot;element_pack_global_tooltip_border_radius_mobile&quot;:{&quot;unit&quot;:&quot;px&quot;,&quot;top&quot;:&quot;&quot;,&quot;right&quot;:&quot;&quot;,&quot;bottom&quot;:&quot;&quot;,&quot;left&quot;:&quot;&quot;,&quot;isLinked&quot;:true}}\" data-elementor-post-type=\"page\">\n\t\t\t\t<div class=\"elementor-element elementor-element-b263344 e-flex e-con-boxed e-con e-parent\" data-id=\"b263344\" data-element_type=\"container\">\n\t\t\t\t\t<div class=\"e-con-inner\">\n\t\t<div class=\"elementor-element elementor-element-9e264ff e-flex e-con-boxed e-con e-child\" data-id=\"9e264ff\" data-element_type=\"container\">\n\t\t\t\t\t<div class=\"e-con-inner\">\n\t\t\t\t<div class=\"elementor-element elementor-element-d0d2331 elementor-position-top elementor-widget elementor-widget-image-box\" data-id=\"d0d2331\" data-element_type=\"widget\" data-widget_type=\"image-box.default\">\n\t\t\t\t<div class=\"elementor-widget-container\">\n\t\t\t\t\t<div class=\"elementor-image-box-wrapper\"><figure class=\"elementor-image-box-img\"><img decoding=\"async\" width=\"246\" height=\"76\" src=\"https:\/\/easylabel.com\/wp-content\/uploads\/2023\/06\/eurocoding.png\" class=\"attachment-full size-full wp-image-5340\" alt=\"\" \/><\/figure><div class=\"elementor-image-box-content\"><h3 class=\"elementor-image-box-title\">Eurocodificaci\u00f3n<\/h3><p class=\"elementor-image-box-description\">Distribuidor italiano de productos Tharo .<\/p><\/div><\/div>\t\t\t\t<\/div>\n\t\t\t\t<\/div>\n\t\t\t\t<div class=\"elementor-element elementor-element-c190d9e elementor-position-top elementor-widget elementor-widget-image-box\" data-id=\"c190d9e\" data-element_type=\"widget\" data-widget_type=\"image-box.default\">\n\t\t\t\t<div class=\"elementor-widget-container\">\n\t\t\t\t\t<div class=\"elementor-image-box-wrapper\"><figure class=\"elementor-image-box-img\"><img fetchpriority=\"high\" decoding=\"async\" width=\"1280\" height=\"600\" src=\"https:\/\/easylabel.com\/wp-content\/uploads\/2023\/06\/LogoSystemwave.jpg\" class=\"attachment-full size-full wp-image-5345\" alt=\"\" srcset=\"https:\/\/easylabel.com\/wp-content\/uploads\/2023\/06\/LogoSystemwave.jpg 1280w, https:\/\/easylabel.com\/wp-content\/uploads\/2023\/06\/LogoSystemwave-300x141.jpg 300w, https:\/\/easylabel.com\/wp-content\/uploads\/2023\/06\/LogoSystemwave-1024x480.jpg 1024w, https:\/\/easylabel.com\/wp-content\/uploads\/2023\/06\/LogoSystemwave-768x360.jpg 768w\" sizes=\"(max-width: 1280px) 100vw, 1280px\" \/><\/figure><div class=\"elementor-image-box-content\"><h3 class=\"elementor-image-box-title\">SYSTEMWAVE<\/h3><p class=\"elementor-image-box-description\">Distribuidor japon\u00e9s de productos Tharo.<\/p><\/div><\/div>\t\t\t\t<\/div>\n\t\t\t\t<\/div>\n\t\t\t\t<div class=\"elementor-element elementor-element-aff2fce elementor-position-top elementor-widget elementor-widget-image-box\" data-id=\"aff2fce\" data-element_type=\"widget\" data-widget_type=\"image-box.default\">\n\t\t\t\t<div class=\"elementor-widget-container\">\n\t\t\t\t\t<div class=\"elementor-image-box-wrapper\"><figure class=\"elementor-image-box-img\"><img decoding=\"async\" width=\"1280\" height=\"600\" src=\"https:\/\/easylabel.com\/wp-content\/uploads\/2023\/06\/LogoDNP.jpg\" class=\"attachment-full size-full wp-image-5343\" alt=\"\" srcset=\"https:\/\/easylabel.com\/wp-content\/uploads\/2023\/06\/LogoDNP.jpg 1280w, https:\/\/easylabel.com\/wp-content\/uploads\/2023\/06\/LogoDNP-300x141.jpg 300w, https:\/\/easylabel.com\/wp-content\/uploads\/2023\/06\/LogoDNP-1024x480.jpg 1024w, https:\/\/easylabel.com\/wp-content\/uploads\/2023\/06\/LogoDNP-768x360.jpg 768w\" sizes=\"(max-width: 1280px) 100vw, 1280px\" \/><\/figure><div class=\"elementor-image-box-content\"><h3 class=\"elementor-image-box-title\">DNP<\/h3><p class=\"elementor-image-box-description\">Fabricante de cintas de transferencia t\u00e9rmica para impresoras de c\u00f3digos de barras.<\/p><\/div><\/div>\t\t\t\t<\/div>\n\t\t\t\t<\/div>\n\t\t\t\t<div class=\"elementor-element elementor-element-84a7f90 elementor-position-top elementor-widget elementor-widget-image-box\" data-id=\"84a7f90\" data-element_type=\"widget\" data-widget_type=\"image-box.default\">\n\t\t\t\t<div class=\"elementor-widget-container\">\n\t\t\t\t\t<div class=\"elementor-image-box-wrapper\"><figure class=\"elementor-image-box-img\"><img decoding=\"async\" src=\"http:\/\/easylabel.com\/wp-content\/uploads\/2023\/09\/Logo-DesignEF.png\" title=\"\" alt=\"\" loading=\"lazy\" \/><\/figure><div class=\"elementor-image-box-content\"><h3 class=\"elementor-image-box-title\">DISE\u00d1O EF<\/h3><p class=\"elementor-image-box-description\">Distribuidor en Europa de los productos Tharo.<\/p><\/div><\/div>\t\t\t\t<\/div>\n\t\t\t\t<\/div>\n\t\t\t\t\t<\/div>\n\t\t\t\t<\/div>\n\t\t<div class=\"elementor-element elementor-element-d4fd585 e-flex e-con-boxed e-con e-child\" data-id=\"d4fd585\" data-element_type=\"container\">\n\t\t\t\t\t<div class=\"e-con-inner\">\n\t\t\t\t<div class=\"elementor-element elementor-element-784e075 elementor-position-top elementor-widget elementor-widget-image-box\" data-id=\"784e075\" data-element_type=\"widget\" data-widget_type=\"image-box.default\">\n\t\t\t\t<div class=\"elementor-widget-container\">\n\t\t\t\t\t<div class=\"elementor-image-box-wrapper\"><figure class=\"elementor-image-box-img\"><img loading=\"lazy\" decoding=\"async\" width=\"1280\" height=\"600\" src=\"https:\/\/easylabel.com\/wp-content\/uploads\/2023\/06\/LogoWeyfringe.jpg\" class=\"attachment-full size-full wp-image-5346\" alt=\"\" srcset=\"https:\/\/easylabel.com\/wp-content\/uploads\/2023\/06\/LogoWeyfringe.jpg 1280w, https:\/\/easylabel.com\/wp-content\/uploads\/2023\/06\/LogoWeyfringe-300x141.jpg 300w, https:\/\/easylabel.com\/wp-content\/uploads\/2023\/06\/LogoWeyfringe-1024x480.jpg 1024w, https:\/\/easylabel.com\/wp-content\/uploads\/2023\/06\/LogoWeyfringe-768x360.jpg 768w\" sizes=\"(max-width: 1280px) 100vw, 1280px\" \/><\/figure><div class=\"elementor-image-box-content\"><h3 class=\"elementor-image-box-title\">Weyfringe<\/h3><p class=\"elementor-image-box-description\">Distribuidor en el Reino Unido de los productos Tharo.<\/p><\/div><\/div>\t\t\t\t<\/div>\n\t\t\t\t<\/div>\n\t\t\t\t<div class=\"elementor-element elementor-element-9afa049 elementor-position-top elementor-widget elementor-widget-image-box\" data-id=\"9afa049\" data-element_type=\"widget\" data-widget_type=\"image-box.default\">\n\t\t\t\t<div class=\"elementor-widget-container\">\n\t\t\t\t\t<div class=\"elementor-image-box-wrapper\"><figure class=\"elementor-image-box-img\"><img loading=\"lazy\" decoding=\"async\" width=\"1280\" height=\"600\" src=\"https:\/\/easylabel.com\/wp-content\/uploads\/2023\/06\/LogoAim.jpg\" class=\"attachment-full size-full wp-image-5344\" alt=\"\" srcset=\"https:\/\/easylabel.com\/wp-content\/uploads\/2023\/06\/LogoAim.jpg 1280w, https:\/\/easylabel.com\/wp-content\/uploads\/2023\/06\/LogoAim-300x141.jpg 300w, https:\/\/easylabel.com\/wp-content\/uploads\/2023\/06\/LogoAim-1024x480.jpg 1024w, https:\/\/easylabel.com\/wp-content\/uploads\/2023\/06\/LogoAim-768x360.jpg 768w\" sizes=\"(max-width: 1280px) 100vw, 1280px\" \/><\/figure><div class=\"elementor-image-box-content\"><h3 class=\"elementor-image-box-title\">AIM Global<\/h3><p class=\"elementor-image-box-description\">El recurso de confianza para la identificaci\u00f3n autom\u00e1tica y la recogida de datos.<\/p><\/div><\/div>\t\t\t\t<\/div>\n\t\t\t\t<\/div>\n\t\t\t\t<div class=\"elementor-element elementor-element-6c6f8d7 elementor-position-top elementor-widget elementor-widget-image-box\" data-id=\"6c6f8d7\" data-element_type=\"widget\" data-widget_type=\"image-box.default\">\n\t\t\t\t<div class=\"elementor-widget-container\">\n\t\t\t\t\t<div class=\"elementor-image-box-wrapper\"><figure class=\"elementor-image-box-img\"><img loading=\"lazy\" decoding=\"async\" width=\"1280\" height=\"600\" src=\"https:\/\/easylabel.com\/wp-content\/uploads\/2023\/06\/LogoGS1.jpg\" class=\"attachment-full size-full wp-image-5342\" alt=\"\" srcset=\"https:\/\/easylabel.com\/wp-content\/uploads\/2023\/06\/LogoGS1.jpg 1280w, https:\/\/easylabel.com\/wp-content\/uploads\/2023\/06\/LogoGS1-300x141.jpg 300w, https:\/\/easylabel.com\/wp-content\/uploads\/2023\/06\/LogoGS1-1024x480.jpg 1024w, https:\/\/easylabel.com\/wp-content\/uploads\/2023\/06\/LogoGS1-768x360.jpg 768w\" sizes=\"(max-width: 1280px) 100vw, 1280px\" \/><\/figure><div class=\"elementor-image-box-content\"><h3 class=\"elementor-image-box-title\">GS1<\/h3><p class=\"elementor-image-box-description\">Referencia para las normas de c\u00f3digos de barras GS1.<\/p><\/div><\/div>\t\t\t\t<\/div>\n\t\t\t\t<\/div>\n\t\t\t\t\t<\/div>\n\t\t\t\t<\/div>\n\t\t\t\t\t<\/div>\n\t\t\t\t<\/div>\n\t\t\t\t<\/div>\n\t\t","protected":false},"excerpt":{"rendered":"<p>Eurocodificaci\u00f3n Distribuidor italiano de productos Tharo . SYSTEMWAVE Distribuidor japon\u00e9s de productos Tharo. DNP Fabricante de cintas de transferencia t\u00e9rmica para impresoras de c\u00f3digos de barras. DISE\u00d1O EF Distribuidor en Europa de los productos Tharo. Weyfringe Distribuidor en el Reino Unido de los productos Tharo. AIM Global El recurso de confianza para la identificaci\u00f3n autom\u00e1tica&#8230;<\/p>\n","protected":false},"author":2,"featured_media":0,"parent":0,"menu_order":0,"comment_status":"closed","ping_status":"closed","template":"","meta":{"_acf_changed":false,"_monsterinsights_skip_tracking":false,"_monsterinsights_sitenote_active":false,"_monsterinsights_sitenote_note":"","_monsterinsights_sitenote_category":0,"_kad_post_transparent":"","_kad_post_title":"show","_kad_post_layout":"fullwidth","_kad_post_sidebar_id":"","_kad_post_content_style":"unboxed","_kad_post_vertical_padding":"hide","_kad_post_feature":"hide","_kad_post_feature_position":"","_kad_post_header":false,"_kad_post_footer":false,"footnotes":""},"class_list":["post-5289","page","type-page","status-publish","hentry"],"acf":[],"yoast_head":"<!-- This site is optimized with the Yoast SEO Premium plugin v23.6 (Yoast SEO v26.9) - https:\/\/yoast.com\/product\/yoast-seo-premium-wordpress\/ -->\n<title>Enlaces de la industria | EASYLABEL<\/title>\n<meta name=\"robots\" content=\"index, follow, max-snippet:-1, max-image-preview:large, max-video-preview:-1\" \/>\n<link rel=\"canonical\" href=\"https:\/\/easylabel.com\/es\/industry-links\/\" \/>\n<meta property=\"og:locale\" content=\"es_ES\" \/>\n<meta property=\"og:type\" content=\"article\" \/>\n<meta property=\"og:title\" content=\"Enlaces de la industria\" \/>\n<meta property=\"og:description\" content=\"Eurocodificaci\u00f3n Distribuidor italiano de productos Tharo . SYSTEMWAVE Distribuidor japon\u00e9s de productos Tharo. DNP Fabricante de cintas de transferencia t\u00e9rmica para impresoras de c\u00f3digos de barras. DISE\u00d1O EF Distribuidor en Europa de los productos Tharo. Weyfringe Distribuidor en el Reino Unido de los productos Tharo. AIM Global El recurso de confianza para la identificaci\u00f3n autom\u00e1tica...\" \/>\n<meta property=\"og:url\" content=\"https:\/\/easylabel.com\/es\/industry-links\/\" \/>\n<meta property=\"og:site_name\" content=\"EASYLABEL\" \/>\n<meta property=\"article:modified_time\" content=\"2025-03-19T14:44:32+00:00\" \/>\n<meta property=\"og:image\" content=\"https:\/\/easylabel.com\/wp-content\/uploads\/2023\/06\/eurocoding.png\" \/>\n<meta name=\"twitter:card\" content=\"summary_large_image\" \/>\n<meta name=\"twitter:label1\" content=\"Tiempo de lectura\" \/>\n\t<meta name=\"twitter:data1\" content=\"2 minutos\" \/>\n<script type=\"application\/ld+json\" class=\"yoast-schema-graph\">{\"@context\":\"https:\/\/schema.org\",\"@graph\":[{\"@type\":\"WebPage\",\"@id\":\"https:\/\/easylabel.com\/es\/industry-links\/\",\"url\":\"https:\/\/easylabel.com\/es\/industry-links\/\",\"name\":\"Enlaces de la industria | EASYLABEL\",\"isPartOf\":{\"@id\":\"https:\/\/easylabel.com\/#website\"},\"primaryImageOfPage\":{\"@id\":\"https:\/\/easylabel.com\/es\/industry-links\/#primaryimage\"},\"image\":{\"@id\":\"https:\/\/easylabel.com\/es\/industry-links\/#primaryimage\"},\"thumbnailUrl\":\"https:\/\/easylabel.com\/wp-content\/uploads\/2023\/06\/eurocoding.png\",\"datePublished\":\"2023-07-11T00:57:17+00:00\",\"dateModified\":\"2025-03-19T14:44:32+00:00\",\"breadcrumb\":{\"@id\":\"https:\/\/easylabel.com\/es\/industry-links\/#breadcrumb\"},\"inLanguage\":\"es\",\"potentialAction\":[{\"@type\":\"ReadAction\",\"target\":[\"https:\/\/easylabel.com\/es\/industry-links\/\"]}]},{\"@type\":\"ImageObject\",\"inLanguage\":\"es\",\"@id\":\"https:\/\/easylabel.com\/es\/industry-links\/#primaryimage\",\"url\":\"https:\/\/easylabel.com\/wp-content\/uploads\/2023\/06\/eurocoding.png\",\"contentUrl\":\"https:\/\/easylabel.com\/wp-content\/uploads\/2023\/06\/eurocoding.png\"},{\"@type\":\"BreadcrumbList\",\"@id\":\"https:\/\/easylabel.com\/es\/industry-links\/#breadcrumb\",\"itemListElement\":[{\"@type\":\"ListItem\",\"position\":1,\"name\":\"Home\",\"item\":\"https:\/\/easylabel.com\/\"},{\"@type\":\"ListItem\",\"position\":2,\"name\":\"Enlaces de la industria\"}]},{\"@type\":\"WebSite\",\"@id\":\"https:\/\/easylabel.com\/#website\",\"url\":\"https:\/\/easylabel.com\/\",\"name\":\"EASYLABEL\",\"description\":\"Labeling Experts for over 40 years\",\"publisher\":{\"@id\":\"https:\/\/easylabel.com\/#organization\"},\"potentialAction\":[{\"@type\":\"SearchAction\",\"target\":{\"@type\":\"EntryPoint\",\"urlTemplate\":\"https:\/\/easylabel.com\/?s={search_term_string}\"},\"query-input\":{\"@type\":\"PropertyValueSpecification\",\"valueRequired\":true,\"valueName\":\"search_term_string\"}}],\"inLanguage\":\"es\"},{\"@type\":\"Organization\",\"@id\":\"https:\/\/easylabel.com\/#organization\",\"name\":\"EASYLABEL\",\"url\":\"https:\/\/easylabel.com\/\",\"logo\":{\"@type\":\"ImageObject\",\"inLanguage\":\"es\",\"@id\":\"https:\/\/easylabel.com\/#\/schema\/logo\/image\/\",\"url\":\"https:\/\/easylabel.com\/wp-content\/uploads\/2023\/06\/LogoEasylabel.png\",\"contentUrl\":\"https:\/\/easylabel.com\/wp-content\/uploads\/2023\/06\/LogoEasylabel.png\",\"width\":2000,\"height\":477,\"caption\":\"EASYLABEL\"},\"image\":{\"@id\":\"https:\/\/easylabel.com\/#\/schema\/logo\/image\/\"}}]}<\/script>\n<!-- \/ Yoast SEO Premium plugin. -->","yoast_head_json":{"title":"Enlaces de la industria | EASYLABEL","robots":{"index":"index","follow":"follow","max-snippet":"max-snippet:-1","max-image-preview":"max-image-preview:large","max-video-preview":"max-video-preview:-1"},"canonical":"https:\/\/easylabel.com\/es\/industry-links\/","og_locale":"es_ES","og_type":"article","og_title":"Enlaces de la industria","og_description":"Eurocodificaci\u00f3n Distribuidor italiano de productos Tharo . SYSTEMWAVE Distribuidor japon\u00e9s de productos Tharo. DNP Fabricante de cintas de transferencia t\u00e9rmica para impresoras de c\u00f3digos de barras. DISE\u00d1O EF Distribuidor en Europa de los productos Tharo. Weyfringe Distribuidor en el Reino Unido de los productos Tharo. AIM Global El recurso de confianza para la identificaci\u00f3n autom\u00e1tica...","og_url":"https:\/\/easylabel.com\/es\/industry-links\/","og_site_name":"EASYLABEL","article_modified_time":"2025-03-19T14:44:32+00:00","og_image":[{"url":"https:\/\/easylabel.com\/wp-content\/uploads\/2023\/06\/eurocoding.png","type":"","width":"","height":""}],"twitter_card":"summary_large_image","twitter_misc":{"Tiempo de lectura":"2 minutos"},"schema":{"@context":"https:\/\/schema.org","@graph":[{"@type":"WebPage","@id":"https:\/\/easylabel.com\/es\/industry-links\/","url":"https:\/\/easylabel.com\/es\/industry-links\/","name":"Enlaces de la industria | EASYLABEL","isPartOf":{"@id":"https:\/\/easylabel.com\/#website"},"primaryImageOfPage":{"@id":"https:\/\/easylabel.com\/es\/industry-links\/#primaryimage"},"image":{"@id":"https:\/\/easylabel.com\/es\/industry-links\/#primaryimage"},"thumbnailUrl":"https:\/\/easylabel.com\/wp-content\/uploads\/2023\/06\/eurocoding.png","datePublished":"2023-07-11T00:57:17+00:00","dateModified":"2025-03-19T14:44:32+00:00","breadcrumb":{"@id":"https:\/\/easylabel.com\/es\/industry-links\/#breadcrumb"},"inLanguage":"es","potentialAction":[{"@type":"ReadAction","target":["https:\/\/easylabel.com\/es\/industry-links\/"]}]},{"@type":"ImageObject","inLanguage":"es","@id":"https:\/\/easylabel.com\/es\/industry-links\/#primaryimage","url":"https:\/\/easylabel.com\/wp-content\/uploads\/2023\/06\/eurocoding.png","contentUrl":"https:\/\/easylabel.com\/wp-content\/uploads\/2023\/06\/eurocoding.png"},{"@type":"BreadcrumbList","@id":"https:\/\/easylabel.com\/es\/industry-links\/#breadcrumb","itemListElement":[{"@type":"ListItem","position":1,"name":"Home","item":"https:\/\/easylabel.com\/"},{"@type":"ListItem","position":2,"name":"Enlaces de la industria"}]},{"@type":"WebSite","@id":"https:\/\/easylabel.com\/#website","url":"https:\/\/easylabel.com\/","name":"EASYLABEL","description":"Labeling Experts for over 40 years","publisher":{"@id":"https:\/\/easylabel.com\/#organization"},"potentialAction":[{"@type":"SearchAction","target":{"@type":"EntryPoint","urlTemplate":"https:\/\/easylabel.com\/?s={search_term_string}"},"query-input":{"@type":"PropertyValueSpecification","valueRequired":true,"valueName":"search_term_string"}}],"inLanguage":"es"},{"@type":"Organization","@id":"https:\/\/easylabel.com\/#organization","name":"EASYLABEL","url":"https:\/\/easylabel.com\/","logo":{"@type":"ImageObject","inLanguage":"es","@id":"https:\/\/easylabel.com\/#\/schema\/logo\/image\/","url":"https:\/\/easylabel.com\/wp-content\/uploads\/2023\/06\/LogoEasylabel.png","contentUrl":"https:\/\/easylabel.com\/wp-content\/uploads\/2023\/06\/LogoEasylabel.png","width":2000,"height":477,"caption":"EASYLABEL"},"image":{"@id":"https:\/\/easylabel.com\/#\/schema\/logo\/image\/"}}]}},"_links":{"self":[{"href":"https:\/\/easylabel.com\/es\/wp-json\/wp\/v2\/pages\/5289","targetHints":{"allow":["GET"]}}],"collection":[{"href":"https:\/\/easylabel.com\/es\/wp-json\/wp\/v2\/pages"}],"about":[{"href":"https:\/\/easylabel.com\/es\/wp-json\/wp\/v2\/types\/page"}],"author":[{"embeddable":true,"href":"https:\/\/easylabel.com\/es\/wp-json\/wp\/v2\/users\/2"}],"replies":[{"embeddable":true,"href":"https:\/\/easylabel.com\/es\/wp-json\/wp\/v2\/comments?post=5289"}],"version-history":[{"count":2,"href":"https:\/\/easylabel.com\/es\/wp-json\/wp\/v2\/pages\/5289\/revisions"}],"predecessor-version":[{"id":5426,"href":"https:\/\/easylabel.com\/es\/wp-json\/wp\/v2\/pages\/5289\/revisions\/5426"}],"wp:attachment":[{"href":"https:\/\/easylabel.com\/es\/wp-json\/wp\/v2\/media?parent=5289"}],"curies":[{"name":"wp","href":"https:\/\/api.w.org\/{rel}","templated":true}]}}