{"id":5310,"date":"2023-07-10T21:00:14","date_gmt":"2023-07-11T01:00:14","guid":{"rendered":"https:\/\/easylabel.com\/nuevo-easylabel\/"},"modified":"2026-02-09T14:42:14","modified_gmt":"2026-02-09T19:42:14","slug":"newest-easylabel","status":"publish","type":"page","link":"https:\/\/easylabel.com\/es\/newest-easylabel\/","title":{"rendered":"Nuevo EASYLABEL"},"content":{"rendered":"\t\t<div data-elementor-type=\"wp-page\" data-elementor-id=\"5310\" class=\"elementor elementor-5310 elementor-406\" data-elementor-settings=\"{&quot;element_pack_global_tooltip_width&quot;:{&quot;unit&quot;:&quot;px&quot;,&quot;size&quot;:&quot;&quot;,&quot;sizes&quot;:[]},&quot;element_pack_global_tooltip_width_tablet&quot;:{&quot;unit&quot;:&quot;px&quot;,&quot;size&quot;:&quot;&quot;,&quot;sizes&quot;:[]},&quot;element_pack_global_tooltip_width_mobile&quot;:{&quot;unit&quot;:&quot;px&quot;,&quot;size&quot;:&quot;&quot;,&quot;sizes&quot;:[]},&quot;element_pack_global_tooltip_padding&quot;:{&quot;unit&quot;:&quot;px&quot;,&quot;top&quot;:&quot;&quot;,&quot;right&quot;:&quot;&quot;,&quot;bottom&quot;:&quot;&quot;,&quot;left&quot;:&quot;&quot;,&quot;isLinked&quot;:true},&quot;element_pack_global_tooltip_padding_tablet&quot;:{&quot;unit&quot;:&quot;px&quot;,&quot;top&quot;:&quot;&quot;,&quot;right&quot;:&quot;&quot;,&quot;bottom&quot;:&quot;&quot;,&quot;left&quot;:&quot;&quot;,&quot;isLinked&quot;:true},&quot;element_pack_global_tooltip_padding_mobile&quot;:{&quot;unit&quot;:&quot;px&quot;,&quot;top&quot;:&quot;&quot;,&quot;right&quot;:&quot;&quot;,&quot;bottom&quot;:&quot;&quot;,&quot;left&quot;:&quot;&quot;,&quot;isLinked&quot;:true},&quot;element_pack_global_tooltip_border_radius&quot;:{&quot;unit&quot;:&quot;px&quot;,&quot;top&quot;:&quot;&quot;,&quot;right&quot;:&quot;&quot;,&quot;bottom&quot;:&quot;&quot;,&quot;left&quot;:&quot;&quot;,&quot;isLinked&quot;:true},&quot;element_pack_global_tooltip_border_radius_tablet&quot;:{&quot;unit&quot;:&quot;px&quot;,&quot;top&quot;:&quot;&quot;,&quot;right&quot;:&quot;&quot;,&quot;bottom&quot;:&quot;&quot;,&quot;left&quot;:&quot;&quot;,&quot;isLinked&quot;:true},&quot;element_pack_global_tooltip_border_radius_mobile&quot;:{&quot;unit&quot;:&quot;px&quot;,&quot;top&quot;:&quot;&quot;,&quot;right&quot;:&quot;&quot;,&quot;bottom&quot;:&quot;&quot;,&quot;left&quot;:&quot;&quot;,&quot;isLinked&quot;:true}}\" data-elementor-post-type=\"page\">\n\t\t\t\t<div class=\"elementor-element elementor-element-6bcd480 e-flex e-con-boxed e-con e-parent\" data-id=\"6bcd480\" data-element_type=\"container\">\n\t\t\t\t\t<div class=\"e-con-inner\">\n\t\t<div class=\"elementor-element elementor-element-ab4a74f e-con-full e-flex e-con e-child\" data-id=\"ab4a74f\" data-element_type=\"container\">\n\t\t\t\t<div class=\"elementor-element elementor-element-9ea12b9 elementor-widget elementor-widget-text-editor\" data-id=\"9ea12b9\" data-element_type=\"widget\" data-widget_type=\"text-editor.default\">\n\t\t\t\t<div class=\"elementor-widget-container\">\n\t\t\t\t\t\t\t\t\t<p>EASYLABEL 7<\/p>\n\t\t\t\t\t\t\t\t<\/div>\n\t\t\t\t<\/div>\n\t\t\t\t<div class=\"elementor-element elementor-element-efd0fed elementor-widget elementor-widget-text-editor\" data-id=\"efd0fed\" data-element_type=\"widget\" data-widget_type=\"text-editor.default\">\n\t\t\t\t<div class=\"elementor-widget-container\">\n\t\t\t\t\t\t\t\t\t<p>Version 7.0.6.2311<\/p>\t\t\t\t\t\t\t\t<\/div>\n\t\t\t\t<\/div>\n\t\t\t\t<div class=\"elementor-element elementor-element-04629dd elementor-widget-divider--view-line elementor-widget elementor-widget-divider\" data-id=\"04629dd\" data-element_type=\"widget\" data-widget_type=\"divider.default\">\n\t\t\t\t<div class=\"elementor-widget-container\">\n\t\t\t\t\t\t\t<div class=\"elementor-divider\">\n\t\t\t<span class=\"elementor-divider-separator\">\n\t\t\t\t\t\t<\/span>\n\t\t<\/div>\n\t\t\t\t\t\t<\/div>\n\t\t\t\t<\/div>\n\t\t\t\t<div class=\"elementor-element elementor-element-e0193c0 elementor-widget__width-initial elementor-widget elementor-widget-text-editor\" data-id=\"e0193c0\" data-element_type=\"widget\" data-widget_type=\"text-editor.default\">\n\t\t\t\t<div class=\"elementor-widget-container\">\n\t\t\t\t\t\t\t\t\t<p>EASYLABEL 7.0 es una actualizaci\u00f3n gratuita para los clientes que compraron EASYLABEL 6.4.  <br \/>Es compatible con las versiones de 32 y 64 bits de Windows 10 y superiores.<\/p>\n<p><em><strong>Esta es la primera versi\u00f3n de EASYLABEL compatible con una clave de licencia digital.<\/strong><\/em><\/p>\n\t\t\t\t\t\t\t\t<\/div>\n\t\t\t\t<\/div>\n\t\t\t\t<\/div>\n\t\t<div class=\"elementor-element elementor-element-0c2679f e-con-full e-flex e-con e-child\" data-id=\"0c2679f\" data-element_type=\"container\">\n\t\t<div class=\"elementor-element elementor-element-6673ec3 e-con-full e-flex e-con e-child\" data-id=\"6673ec3\" data-element_type=\"container\">\n\t\t<div class=\"elementor-element elementor-element-4cebbd0 e-con-full e-flex e-con e-child\" data-id=\"4cebbd0\" data-element_type=\"container\">\n\t\t\t\t<div class=\"elementor-element elementor-element-cfa84e8 elementor-widget elementor-widget-text-editor\" data-id=\"cfa84e8\" data-element_type=\"widget\" data-widget_type=\"text-editor.default\">\n\t\t\t\t<div class=\"elementor-widget-container\">\n\t\t\t\t\t\t\t\t\t<p>EASYLABEL SILVER, GOLD, PLATINUM, TERMINAL SERVER<\/p>\n\t\t\t\t\t\t\t\t<\/div>\n\t\t\t\t<\/div>\n\t\t\t\t<div class=\"elementor-element elementor-element-dcf192b elementor-widget__width-initial elementor-widget elementor-widget-text-editor\" data-id=\"dcf192b\" data-element_type=\"widget\" data-widget_type=\"text-editor.default\">\n\t\t\t\t<div class=\"elementor-widget-container\">\n\t\t\t\t\t\t\t\t\t<p>SILVER, GOLD, y PLATINUM son licencias para un solo usuario. TERMINAL SERVER es una licencia para varios usuarios simult\u00e1neos. <br \/><em>Requiere una licencia para ejecutar el software. Sin licencia, el software se abrir\u00e1 en modo DEMO.   <\/em><\/p>\n\t\t\t\t\t\t\t\t<\/div>\n\t\t\t\t<\/div>\n\t\t\t\t<\/div>\n\t\t\t\t<div class=\"elementor-element elementor-element-7f6a7a1 elementor-align-center elementor-widget__width-initial elementor-widget elementor-widget-button\" data-id=\"7f6a7a1\" data-element_type=\"widget\" data-widget_type=\"button.default\">\n\t\t\t\t<div class=\"elementor-widget-container\">\n\t\t\t\t\t\t\t\t\t<div class=\"elementor-button-wrapper\">\n\t\t\t\t\t<a class=\"elementor-button elementor-button-link elementor-size-md elementor-animation-float\" href=\"\/download\/easylabel\/EASYLABEL-Platinum-7.0.6.2311-Install.exe\">\n\t\t\t\t\t\t<span class=\"elementor-button-content-wrapper\">\n\t\t\t\t\t\t\t\t\t<span class=\"elementor-button-text\">Descargar EASYLABEL<\/span>\n\t\t\t\t\t<\/span>\n\t\t\t\t\t<\/a>\n\t\t\t\t<\/div>\n\t\t\t\t\t\t\t\t<\/div>\n\t\t\t\t<\/div>\n\t\t\t\t<\/div>\n\t\t<div class=\"elementor-element elementor-element-cb3d18e e-con-full e-flex e-con e-child\" data-id=\"cb3d18e\" data-element_type=\"container\">\n\t\t<div class=\"elementor-element elementor-element-4ddfaa3 e-con-full e-flex e-con e-child\" data-id=\"4ddfaa3\" data-element_type=\"container\">\n\t\t\t\t<div class=\"elementor-element elementor-element-90e500c elementor-widget elementor-widget-text-editor\" data-id=\"90e500c\" data-element_type=\"widget\" data-widget_type=\"text-editor.default\">\n\t\t\t\t<div class=\"elementor-widget-container\">\n\t\t\t\t\t\t\t\t\t<p>EASYLABEL MULTI-USER<\/p>\n\t\t\t\t\t\t\t\t<\/div>\n\t\t\t\t<\/div>\n\t\t\t\t<div class=\"elementor-element elementor-element-4c48f52 elementor-widget__width-initial elementor-widget elementor-widget-text-editor\" data-id=\"4c48f52\" data-element_type=\"widget\" data-widget_type=\"text-editor.default\">\n\t\t\t\t<div class=\"elementor-widget-container\">\n\t\t\t\t\t\t\t\t\t<p>Un ordenador con licencia utiliza la red para alquilar licencias EASYLABEL a otros ordenadores.<br \/>Esta licencia es una licencia de Usuario M\u00faltiple Concurrente.<em><br \/>Requiere una licencia para ejecutar el software. Sin licencia, el software se abrir\u00e1 en modo DEMO. <\/em><\/p>\n\t\t\t\t\t\t\t\t<\/div>\n\t\t\t\t<\/div>\n\t\t\t\t<\/div>\n\t\t\t\t<div class=\"elementor-element elementor-element-2bd4036 elementor-align-center elementor-widget__width-initial elementor-widget elementor-widget-button\" data-id=\"2bd4036\" data-element_type=\"widget\" data-widget_type=\"button.default\">\n\t\t\t\t<div class=\"elementor-widget-container\">\n\t\t\t\t\t\t\t\t\t<div class=\"elementor-button-wrapper\">\n\t\t\t\t\t<a class=\"elementor-button elementor-button-link elementor-size-md elementor-animation-float\" href=\"\/download\/easylabel\/EASYLABEL-Multi-User-7.0.6.2311-Install.exe\">\n\t\t\t\t\t\t<span class=\"elementor-button-content-wrapper\">\n\t\t\t\t\t\t\t\t\t<span class=\"elementor-button-text\">Descargar MULTI-USER<\/span>\n\t\t\t\t\t<\/span>\n\t\t\t\t\t<\/a>\n\t\t\t\t<\/div>\n\t\t\t\t\t\t\t\t<\/div>\n\t\t\t\t<\/div>\n\t\t\t\t<\/div>\n\t\t<div class=\"elementor-element elementor-element-e045729 e-con-full e-flex e-con e-child\" data-id=\"e045729\" data-element_type=\"container\">\n\t\t<div class=\"elementor-element elementor-element-109b91f e-con-full e-flex e-con e-child\" data-id=\"109b91f\" data-element_type=\"container\">\n\t\t\t\t<div class=\"elementor-element elementor-element-213628b elementor-widget elementor-widget-text-editor\" data-id=\"213628b\" data-element_type=\"widget\" data-widget_type=\"text-editor.default\">\n\t\t\t\t<div class=\"elementor-widget-container\">\n\t\t\t\t\t\t\t\t\t<p>EASYLABEL START<\/p>\n\t\t\t\t\t\t\t\t<\/div>\n\t\t\t\t<\/div>\n\t\t\t\t<div class=\"elementor-element elementor-element-92fff14 elementor-widget__width-initial elementor-widget elementor-widget-text-editor\" data-id=\"92fff14\" data-element_type=\"widget\" data-widget_type=\"text-editor.default\">\n\t\t\t\t<div class=\"elementor-widget-container\">\n\t\t\t\t\t\t\t\t\t<p>Versi\u00f3n GRATUITA de EASYLABEL que es <span style=\"text-decoration: underline;\"><strong>s\u00f3lo compatible con impresoras Tharo<\/strong><\/span>.<br \/>NO requiere licencia para ejecutar el software.  <\/p>\n\t\t\t\t\t\t\t\t<\/div>\n\t\t\t\t<\/div>\n\t\t\t\t<\/div>\n\t\t\t\t<div class=\"elementor-element elementor-element-4014083 elementor-align-center elementor-widget__width-initial elementor-widget elementor-widget-button\" data-id=\"4014083\" data-element_type=\"widget\" data-widget_type=\"button.default\">\n\t\t\t\t<div class=\"elementor-widget-container\">\n\t\t\t\t\t\t\t\t\t<div class=\"elementor-button-wrapper\">\n\t\t\t\t\t<a class=\"elementor-button elementor-button-link elementor-size-md elementor-animation-float\" href=\"\/download\/easylabel\/EASYLABEL-Tharo-Start-7.0.6.2311-Install.exe\">\n\t\t\t\t\t\t<span class=\"elementor-button-content-wrapper\">\n\t\t\t\t\t\t\t\t\t<span class=\"elementor-button-text\">Descarga START<\/span>\n\t\t\t\t\t<\/span>\n\t\t\t\t\t<\/a>\n\t\t\t\t<\/div>\n\t\t\t\t\t\t\t\t<\/div>\n\t\t\t\t<\/div>\n\t\t\t\t<\/div>\n\t\t<div class=\"elementor-element elementor-element-05fc9c4 e-con-full e-flex e-con e-child\" data-id=\"05fc9c4\" data-element_type=\"container\">\n\t\t<div class=\"elementor-element elementor-element-0c2c13d e-con-full e-flex e-con e-child\" data-id=\"0c2c13d\" data-element_type=\"container\">\n\t\t\t\t<div class=\"elementor-element elementor-element-de8a36e elementor-widget elementor-widget-text-editor\" data-id=\"de8a36e\" data-element_type=\"widget\" data-widget_type=\"text-editor.default\">\n\t\t\t\t<div class=\"elementor-widget-container\">\n\t\t\t\t\t\t\t\t\t<p>EASYLABEL NET PRINT SERVER<\/p>\n\t\t\t\t\t\t\t\t<\/div>\n\t\t\t\t<\/div>\n\t\t\t\t<div class=\"elementor-element elementor-element-dd26601 elementor-widget__width-initial elementor-widget elementor-widget-text-editor\" data-id=\"dd26601\" data-element_type=\"widget\" data-widget_type=\"text-editor.default\">\n\t\t\t\t<div class=\"elementor-widget-container\">\n\t\t\t\t\t\t\t\t\t<p>Una interfaz basada en web para imprimir etiquetas desde pr\u00e1cticamente cualquier dispositivo.<br \/>Esta licencia es una licencia de Usuario M\u00faltiple Concurrente.<br \/><em>Requiere una licencia para ejecutar el software en la m\u00e1quina anfitriona. Sin licencia, el software se abrir\u00e1 en modo DEMO. <\/em><\/p>\n\t\t\t\t\t\t\t\t<\/div>\n\t\t\t\t<\/div>\n\t\t\t\t<\/div>\n\t\t\t\t<div class=\"elementor-element elementor-element-8662ec3 elementor-align-center elementor-widget__width-initial elementor-widget elementor-widget-button\" data-id=\"8662ec3\" data-element_type=\"widget\" data-widget_type=\"button.default\">\n\t\t\t\t<div class=\"elementor-widget-container\">\n\t\t\t\t\t\t\t\t\t<div class=\"elementor-button-wrapper\">\n\t\t\t\t\t<a class=\"elementor-button elementor-button-link elementor-size-md elementor-animation-float\" href=\"\/download\/easylabel\/ELNPS-7.0.6.2311.zip\">\n\t\t\t\t\t\t<span class=\"elementor-button-content-wrapper\">\n\t\t\t\t\t\t\t\t\t<span class=\"elementor-button-text\">Descargar NPS<\/span>\n\t\t\t\t\t<\/span>\n\t\t\t\t\t<\/a>\n\t\t\t\t<\/div>\n\t\t\t\t\t\t\t\t<\/div>\n\t\t\t\t<\/div>\n\t\t\t\t<\/div>\n\t\t<div class=\"elementor-element elementor-element-f3965e5 e-con-full e-flex e-con e-child\" data-id=\"f3965e5\" data-element_type=\"container\">\n\t\t<div class=\"elementor-element elementor-element-22efaeb e-con-full e-flex e-con e-child\" data-id=\"22efaeb\" data-element_type=\"container\">\n\t\t\t\t<div class=\"elementor-element elementor-element-b872232 elementor-widget elementor-widget-text-editor\" data-id=\"b872232\" data-element_type=\"widget\" data-widget_type=\"text-editor.default\">\n\t\t\t\t<div class=\"elementor-widget-container\">\n\t\t\t\t\t\t\t\t\t<p>EASYLABEL PRINT HISTORY CONSOLE<\/p>\n\t\t\t\t\t\t\t\t<\/div>\n\t\t\t\t<\/div>\n\t\t\t\t<div class=\"elementor-element elementor-element-1fe6e90 elementor-widget__width-initial elementor-widget elementor-widget-text-editor\" data-id=\"1fe6e90\" data-element_type=\"widget\" data-widget_type=\"text-editor.default\">\n\t\t\t\t<div class=\"elementor-widget-container\">\n\t\t\t\t\t\t\t\t\t<p>COMPATIBLE CON LICENCIAS PLATINUM Y DE USUARIO CONCURRENTE M\u00daLTIPLE<br \/>Permite crear copias de seguridad autom\u00e1ticas de los formatos de las etiquetas, registrar y buscar trabajos de impresi\u00f3n anteriores que incluyan datos e im\u00e1genes de la etiqueta impresa, registrar las acciones del usuario y supervisar a distancia los trabajos de impresi\u00f3n.<\/p>\n\t\t\t\t\t\t\t\t<\/div>\n\t\t\t\t<\/div>\n\t\t\t\t<\/div>\n\t\t\t\t<div class=\"elementor-element elementor-element-84399cf elementor-align-center elementor-widget__width-initial elementor-widget elementor-widget-button\" data-id=\"84399cf\" data-element_type=\"widget\" data-widget_type=\"button.default\">\n\t\t\t\t<div class=\"elementor-widget-container\">\n\t\t\t\t\t\t\t\t\t<div class=\"elementor-button-wrapper\">\n\t\t\t\t\t<a class=\"elementor-button elementor-button-link elementor-size-md elementor-animation-float\" href=\"\/download\/easylabel\/PHC-Setup.zip\">\n\t\t\t\t\t\t<span class=\"elementor-button-content-wrapper\">\n\t\t\t\t\t\t\t\t\t<span class=\"elementor-button-text\">Descargar PHC<\/span>\n\t\t\t\t\t<\/span>\n\t\t\t\t\t<\/a>\n\t\t\t\t<\/div>\n\t\t\t\t\t\t\t\t<\/div>\n\t\t\t\t<\/div>\n\t\t\t\t<\/div>\n\t\t\t\t<\/div>\n\t\t\t\t\t<\/div>\n\t\t\t\t<\/div>\n\t\t<div class=\"elementor-element elementor-element-825e7f3 e-flex e-con-boxed e-con e-parent\" data-id=\"825e7f3\" data-element_type=\"container\">\n\t\t\t\t\t<div class=\"e-con-inner\">\n\t\t<div class=\"elementor-element elementor-element-3e6fb2c e-flex e-con-boxed e-con e-child\" data-id=\"3e6fb2c\" data-element_type=\"container\">\n\t\t\t\t\t<div class=\"e-con-inner\">\n\t\t<div data-dce-background-color=\"#FFFFFF\" class=\"elementor-element elementor-element-db31a8a e-flex e-con-boxed e-con e-child\" data-id=\"db31a8a\" data-element_type=\"container\" data-settings=\"{&quot;background_background&quot;:&quot;classic&quot;}\">\n\t\t\t\t\t<div class=\"e-con-inner\">\n\t\t<div class=\"elementor-element elementor-element-3ad1158 e-con-full e-flex e-con e-child\" data-id=\"3ad1158\" data-element_type=\"container\">\n\t\t\t\t<div class=\"elementor-element elementor-element-300915a elementor-widget elementor-widget-text-editor\" data-id=\"300915a\" data-element_type=\"widget\" data-widget_type=\"text-editor.default\">\n\t\t\t\t<div class=\"elementor-widget-container\">\n\t\t\t\t\t\t\t\t\t<p>Herramienta de Licencia EASYLABEL<\/p>\n\t\t\t\t\t\t\t\t<\/div>\n\t\t\t\t<\/div>\n\t\t\t\t<div class=\"elementor-element elementor-element-32a3b15 elementor-widget elementor-widget-text-editor\" data-id=\"32a3b15\" data-element_type=\"widget\" data-widget_type=\"text-editor.default\">\n\t\t\t\t<div class=\"elementor-widget-container\">\n\t\t\t\t\t\t\t\t\t<p>\u00bfNo est\u00e1s seguro de qu\u00e9 licencia posees?<\/p>\n\t\t\t\t\t\t\t\t<\/div>\n\t\t\t\t<\/div>\n\t\t\t\t<div class=\"elementor-element elementor-element-9650f60 elementor-widget elementor-widget-text-editor\" data-id=\"9650f60\" data-element_type=\"widget\" data-widget_type=\"text-editor.default\">\n\t\t\t\t<div class=\"elementor-widget-container\">\n\t\t\t\t\t\t\t\t\t<p>Nuestra aplicaci\u00f3n Herramienta de Licencia EASYLABEL facilita la identificaci\u00f3n de tu licencia actual y comprueba si hay actualizaciones gratuitas.<\/p>\n\t\t\t\t\t\t\t\t<\/div>\n\t\t\t\t<\/div>\n\t\t\t\t<div class=\"elementor-element elementor-element-aa948b4 elementor-align-center elementor-widget__width-initial elementor-widget elementor-widget-button\" data-id=\"aa948b4\" data-element_type=\"widget\" data-widget_type=\"button.default\">\n\t\t\t\t<div class=\"elementor-widget-container\">\n\t\t\t\t\t\t\t\t\t<div class=\"elementor-button-wrapper\">\n\t\t\t\t\t<a class=\"elementor-button elementor-button-link elementor-size-sm elementor-animation-float\" href=\"\/download\/drivers\/EASYLABEL-License-Tool.exe\">\n\t\t\t\t\t\t<span class=\"elementor-button-content-wrapper\">\n\t\t\t\t\t\t\t\t\t<span class=\"elementor-button-text\">DESCARGAR HERRAMIENTA DE LICENCIA<\/span>\n\t\t\t\t\t<\/span>\n\t\t\t\t\t<\/a>\n\t\t\t\t<\/div>\n\t\t\t\t\t\t\t\t<\/div>\n\t\t\t\t<\/div>\n\t\t\t\t<\/div>\n\t\t\t\t\t<\/div>\n\t\t\t\t<\/div>\n\t\t\t\t\t<\/div>\n\t\t\t\t<\/div>\n\t\t\t\t\t<\/div>\n\t\t\t\t<\/div>\n\t\t\t\t<\/div>\n\t\t","protected":false},"excerpt":{"rendered":"<p>EASYLABEL 7 Version 7.0.6.2311 EASYLABEL 7.0 es una actualizaci\u00f3n gratuita para los clientes que compraron EASYLABEL 6.4. Es compatible con las versiones de 32 y 64 bits de Windows 10 y superiores. Esta es la primera versi\u00f3n de EASYLABEL compatible con una clave de licencia digital. EASYLABEL SILVER, GOLD, PLATINUM, TERMINAL SERVER SILVER, GOLD, y&#8230;<\/p>\n","protected":false},"author":2,"featured_media":0,"parent":0,"menu_order":0,"comment_status":"closed","ping_status":"closed","template":"","meta":{"_acf_changed":false,"_monsterinsights_skip_tracking":false,"_monsterinsights_sitenote_active":false,"_monsterinsights_sitenote_note":"","_monsterinsights_sitenote_category":0,"_kad_post_transparent":"","_kad_post_title":"show","_kad_post_layout":"fullwidth","_kad_post_sidebar_id":"","_kad_post_content_style":"unboxed","_kad_post_vertical_padding":"hide","_kad_post_feature":"hide","_kad_post_feature_position":"","_kad_post_header":false,"_kad_post_footer":false,"footnotes":""},"class_list":["post-5310","page","type-page","status-publish","hentry"],"acf":[],"yoast_head":"<!-- This site is optimized with the Yoast SEO Premium plugin v23.6 (Yoast SEO v26.9) - https:\/\/yoast.com\/product\/yoast-seo-premium-wordpress\/ -->\n<title>Nuevo EASYLABEL | EASYLABEL<\/title>\n<meta name=\"robots\" content=\"index, follow, max-snippet:-1, max-image-preview:large, max-video-preview:-1\" \/>\n<link rel=\"canonical\" href=\"https:\/\/easylabel.com\/es\/newest-easylabel\/\" \/>\n<meta property=\"og:locale\" content=\"es_ES\" \/>\n<meta property=\"og:type\" content=\"article\" \/>\n<meta property=\"og:title\" content=\"Nuevo EASYLABEL\" \/>\n<meta property=\"og:description\" content=\"EASYLABEL 7 Version 7.0.6.2311 EASYLABEL 7.0 es una actualizaci\u00f3n gratuita para los clientes que compraron EASYLABEL 6.4. Es compatible con las versiones de 32 y 64 bits de Windows 10 y superiores. Esta es la primera versi\u00f3n de EASYLABEL compatible con una clave de licencia digital. EASYLABEL SILVER, GOLD, PLATINUM, TERMINAL SERVER SILVER, GOLD, y...\" \/>\n<meta property=\"og:url\" content=\"https:\/\/easylabel.com\/es\/newest-easylabel\/\" \/>\n<meta property=\"og:site_name\" content=\"EASYLABEL\" \/>\n<meta property=\"article:modified_time\" content=\"2026-02-09T19:42:14+00:00\" \/>\n<meta name=\"twitter:card\" content=\"summary_large_image\" \/>\n<meta name=\"twitter:label1\" content=\"Tiempo de lectura\" \/>\n\t<meta name=\"twitter:data1\" content=\"2 minutos\" \/>\n<script type=\"application\/ld+json\" class=\"yoast-schema-graph\">{\"@context\":\"https:\/\/schema.org\",\"@graph\":[{\"@type\":\"WebPage\",\"@id\":\"https:\/\/easylabel.com\/es\/newest-easylabel\/\",\"url\":\"https:\/\/easylabel.com\/es\/newest-easylabel\/\",\"name\":\"Nuevo EASYLABEL | EASYLABEL\",\"isPartOf\":{\"@id\":\"https:\/\/easylabel.com\/#website\"},\"datePublished\":\"2023-07-11T01:00:14+00:00\",\"dateModified\":\"2026-02-09T19:42:14+00:00\",\"breadcrumb\":{\"@id\":\"https:\/\/easylabel.com\/es\/newest-easylabel\/#breadcrumb\"},\"inLanguage\":\"es\",\"potentialAction\":[{\"@type\":\"ReadAction\",\"target\":[\"https:\/\/easylabel.com\/es\/newest-easylabel\/\"]}]},{\"@type\":\"BreadcrumbList\",\"@id\":\"https:\/\/easylabel.com\/es\/newest-easylabel\/#breadcrumb\",\"itemListElement\":[{\"@type\":\"ListItem\",\"position\":1,\"name\":\"Home\",\"item\":\"https:\/\/easylabel.com\/\"},{\"@type\":\"ListItem\",\"position\":2,\"name\":\"Nuevo EASYLABEL\"}]},{\"@type\":\"WebSite\",\"@id\":\"https:\/\/easylabel.com\/#website\",\"url\":\"https:\/\/easylabel.com\/\",\"name\":\"EASYLABEL\",\"description\":\"Labeling Experts for over 40 years\",\"publisher\":{\"@id\":\"https:\/\/easylabel.com\/#organization\"},\"potentialAction\":[{\"@type\":\"SearchAction\",\"target\":{\"@type\":\"EntryPoint\",\"urlTemplate\":\"https:\/\/easylabel.com\/?s={search_term_string}\"},\"query-input\":{\"@type\":\"PropertyValueSpecification\",\"valueRequired\":true,\"valueName\":\"search_term_string\"}}],\"inLanguage\":\"es\"},{\"@type\":\"Organization\",\"@id\":\"https:\/\/easylabel.com\/#organization\",\"name\":\"EASYLABEL\",\"url\":\"https:\/\/easylabel.com\/\",\"logo\":{\"@type\":\"ImageObject\",\"inLanguage\":\"es\",\"@id\":\"https:\/\/easylabel.com\/#\/schema\/logo\/image\/\",\"url\":\"https:\/\/easylabel.com\/wp-content\/uploads\/2023\/06\/LogoEasylabel.png\",\"contentUrl\":\"https:\/\/easylabel.com\/wp-content\/uploads\/2023\/06\/LogoEasylabel.png\",\"width\":2000,\"height\":477,\"caption\":\"EASYLABEL\"},\"image\":{\"@id\":\"https:\/\/easylabel.com\/#\/schema\/logo\/image\/\"}}]}<\/script>\n<!-- \/ Yoast SEO Premium plugin. -->","yoast_head_json":{"title":"Nuevo EASYLABEL | EASYLABEL","robots":{"index":"index","follow":"follow","max-snippet":"max-snippet:-1","max-image-preview":"max-image-preview:large","max-video-preview":"max-video-preview:-1"},"canonical":"https:\/\/easylabel.com\/es\/newest-easylabel\/","og_locale":"es_ES","og_type":"article","og_title":"Nuevo EASYLABEL","og_description":"EASYLABEL 7 Version 7.0.6.2311 EASYLABEL 7.0 es una actualizaci\u00f3n gratuita para los clientes que compraron EASYLABEL 6.4. Es compatible con las versiones de 32 y 64 bits de Windows 10 y superiores. Esta es la primera versi\u00f3n de EASYLABEL compatible con una clave de licencia digital. EASYLABEL SILVER, GOLD, PLATINUM, TERMINAL SERVER SILVER, GOLD, y...","og_url":"https:\/\/easylabel.com\/es\/newest-easylabel\/","og_site_name":"EASYLABEL","article_modified_time":"2026-02-09T19:42:14+00:00","twitter_card":"summary_large_image","twitter_misc":{"Tiempo de lectura":"2 minutos"},"schema":{"@context":"https:\/\/schema.org","@graph":[{"@type":"WebPage","@id":"https:\/\/easylabel.com\/es\/newest-easylabel\/","url":"https:\/\/easylabel.com\/es\/newest-easylabel\/","name":"Nuevo EASYLABEL | EASYLABEL","isPartOf":{"@id":"https:\/\/easylabel.com\/#website"},"datePublished":"2023-07-11T01:00:14+00:00","dateModified":"2026-02-09T19:42:14+00:00","breadcrumb":{"@id":"https:\/\/easylabel.com\/es\/newest-easylabel\/#breadcrumb"},"inLanguage":"es","potentialAction":[{"@type":"ReadAction","target":["https:\/\/easylabel.com\/es\/newest-easylabel\/"]}]},{"@type":"BreadcrumbList","@id":"https:\/\/easylabel.com\/es\/newest-easylabel\/#breadcrumb","itemListElement":[{"@type":"ListItem","position":1,"name":"Home","item":"https:\/\/easylabel.com\/"},{"@type":"ListItem","position":2,"name":"Nuevo EASYLABEL"}]},{"@type":"WebSite","@id":"https:\/\/easylabel.com\/#website","url":"https:\/\/easylabel.com\/","name":"EASYLABEL","description":"Labeling Experts for over 40 years","publisher":{"@id":"https:\/\/easylabel.com\/#organization"},"potentialAction":[{"@type":"SearchAction","target":{"@type":"EntryPoint","urlTemplate":"https:\/\/easylabel.com\/?s={search_term_string}"},"query-input":{"@type":"PropertyValueSpecification","valueRequired":true,"valueName":"search_term_string"}}],"inLanguage":"es"},{"@type":"Organization","@id":"https:\/\/easylabel.com\/#organization","name":"EASYLABEL","url":"https:\/\/easylabel.com\/","logo":{"@type":"ImageObject","inLanguage":"es","@id":"https:\/\/easylabel.com\/#\/schema\/logo\/image\/","url":"https:\/\/easylabel.com\/wp-content\/uploads\/2023\/06\/LogoEasylabel.png","contentUrl":"https:\/\/easylabel.com\/wp-content\/uploads\/2023\/06\/LogoEasylabel.png","width":2000,"height":477,"caption":"EASYLABEL"},"image":{"@id":"https:\/\/easylabel.com\/#\/schema\/logo\/image\/"}}]}},"_links":{"self":[{"href":"https:\/\/easylabel.com\/es\/wp-json\/wp\/v2\/pages\/5310","targetHints":{"allow":["GET"]}}],"collection":[{"href":"https:\/\/easylabel.com\/es\/wp-json\/wp\/v2\/pages"}],"about":[{"href":"https:\/\/easylabel.com\/es\/wp-json\/wp\/v2\/types\/page"}],"author":[{"embeddable":true,"href":"https:\/\/easylabel.com\/es\/wp-json\/wp\/v2\/users\/2"}],"replies":[{"embeddable":true,"href":"https:\/\/easylabel.com\/es\/wp-json\/wp\/v2\/comments?post=5310"}],"version-history":[{"count":5,"href":"https:\/\/easylabel.com\/es\/wp-json\/wp\/v2\/pages\/5310\/revisions"}],"predecessor-version":[{"id":5832,"href":"https:\/\/easylabel.com\/es\/wp-json\/wp\/v2\/pages\/5310\/revisions\/5832"}],"wp:attachment":[{"href":"https:\/\/easylabel.com\/es\/wp-json\/wp\/v2\/media?parent=5310"}],"curies":[{"name":"wp","href":"https:\/\/api.w.org\/{rel}","templated":true}]}}