{"id":5380,"date":"2023-06-21T09:31:20","date_gmt":"2023-06-21T13:31:20","guid":{"rendered":"https:\/\/easylabel.com\/politica-de-privacidad\/"},"modified":"2025-03-19T11:21:56","modified_gmt":"2025-03-19T15:21:56","slug":"privacy-policy","status":"publish","type":"page","link":"https:\/\/easylabel.com\/es\/privacy-policy\/","title":{"rendered":"Pol\u00edtica de privacidad"},"content":{"rendered":"\t\t<div data-elementor-type=\"wp-page\" data-elementor-id=\"5380\" class=\"elementor elementor-5380 elementor-3\" data-elementor-settings=\"{&quot;element_pack_global_tooltip_width&quot;:{&quot;unit&quot;:&quot;px&quot;,&quot;size&quot;:&quot;&quot;,&quot;sizes&quot;:[]},&quot;element_pack_global_tooltip_width_tablet&quot;:{&quot;unit&quot;:&quot;px&quot;,&quot;size&quot;:&quot;&quot;,&quot;sizes&quot;:[]},&quot;element_pack_global_tooltip_width_mobile&quot;:{&quot;unit&quot;:&quot;px&quot;,&quot;size&quot;:&quot;&quot;,&quot;sizes&quot;:[]},&quot;element_pack_global_tooltip_padding&quot;:{&quot;unit&quot;:&quot;px&quot;,&quot;top&quot;:&quot;&quot;,&quot;right&quot;:&quot;&quot;,&quot;bottom&quot;:&quot;&quot;,&quot;left&quot;:&quot;&quot;,&quot;isLinked&quot;:true},&quot;element_pack_global_tooltip_padding_tablet&quot;:{&quot;unit&quot;:&quot;px&quot;,&quot;top&quot;:&quot;&quot;,&quot;right&quot;:&quot;&quot;,&quot;bottom&quot;:&quot;&quot;,&quot;left&quot;:&quot;&quot;,&quot;isLinked&quot;:true},&quot;element_pack_global_tooltip_padding_mobile&quot;:{&quot;unit&quot;:&quot;px&quot;,&quot;top&quot;:&quot;&quot;,&quot;right&quot;:&quot;&quot;,&quot;bottom&quot;:&quot;&quot;,&quot;left&quot;:&quot;&quot;,&quot;isLinked&quot;:true},&quot;element_pack_global_tooltip_border_radius&quot;:{&quot;unit&quot;:&quot;px&quot;,&quot;top&quot;:&quot;&quot;,&quot;right&quot;:&quot;&quot;,&quot;bottom&quot;:&quot;&quot;,&quot;left&quot;:&quot;&quot;,&quot;isLinked&quot;:true},&quot;element_pack_global_tooltip_border_radius_tablet&quot;:{&quot;unit&quot;:&quot;px&quot;,&quot;top&quot;:&quot;&quot;,&quot;right&quot;:&quot;&quot;,&quot;bottom&quot;:&quot;&quot;,&quot;left&quot;:&quot;&quot;,&quot;isLinked&quot;:true},&quot;element_pack_global_tooltip_border_radius_mobile&quot;:{&quot;unit&quot;:&quot;px&quot;,&quot;top&quot;:&quot;&quot;,&quot;right&quot;:&quot;&quot;,&quot;bottom&quot;:&quot;&quot;,&quot;left&quot;:&quot;&quot;,&quot;isLinked&quot;:true}}\" data-elementor-post-type=\"page\">\n\t\t\t\t<div class=\"elementor-element elementor-element-3572a784 e-flex e-con-boxed e-con e-parent\" data-id=\"3572a784\" data-element_type=\"container\">\n\t\t\t\t\t<div class=\"e-con-inner\">\n\t\t\t\t<div class=\"elementor-element elementor-element-63cb75ad elementor-widget elementor-widget-text-editor\" data-id=\"63cb75ad\" data-element_type=\"widget\" data-widget_type=\"text-editor.default\">\n\t\t\t\t<div class=\"elementor-widget-container\">\n\t\t\t\t\t\t\t\t\t<p><\/p>\n<h2>Qui\u00e9nes somos<\/h2>\n<p><\/p>\n<p><\/p>\n<p>Tharo Systems, Inc. reconoce la importancia de proteger la privacidad de toda la informaci\u00f3n proporcionada por los usuarios de este sitio web y los destinatarios de nuestros boletines y anuncios por correo electr\u00f3nico. Hemos creado esta pol\u00edtica con un respeto fundamental por el derecho a la privacidad de nuestros usuarios La direcci\u00f3n de nuestro sitio web es: https:\/\/easylabel.com. <\/p>\n<p><\/p>\n<p><\/p>\n<h2>Uso del sitio web<\/h2>\n<p><\/p>\n<p><\/p>\n<p>Puedes visitar el sitio web de Tharo Systems, Inc. sin identificarte ni revelar ninguna informaci\u00f3n personal. A medida que utilizas el sitio, \u00e9ste recopila datos de seguimiento est\u00e1ndar que Tharo Systems, Inc. utiliza para evaluar el tr\u00e1fico del sitio y los patrones de uso. <\/p>\n<p><\/p>\n<p><\/p>\n<h2><strong>Registro y suscripci\u00f3n<\/strong><\/h2>\n<p><\/p>\n<p><\/p>\n<p>Al asistir a nuestros eventos comerciales, inscribirse en determinados servicios seleccionados (como el \u00e1rea de revendedores) o suscribirse a nuestros boletines, los usuarios deben registrarse primero. Durante el registro, se pide a los usuarios que faciliten su informaci\u00f3n de contacto, como nombre, direcci\u00f3n de correo electr\u00f3nico, direcci\u00f3n postal y n\u00famero de tel\u00e9fono. Utilizamos esta informaci\u00f3n con fines internos para comunicarnos con los usuarios y prestar los servicios solicitados.  <\/p>\n<p><\/p>\n<p><\/p>\n<h2><strong>Comunicaciones con nosotros<\/strong><\/h2>\n<p><\/p>\n<p><\/p>\n<p>Tenemos funciones en las que los usuarios pueden enviarnos informaci\u00f3n (como nuestro formulario \u00abc\u00f3mo comprar\u00bb). En ning\u00fan momento esta informaci\u00f3n se pone a disposici\u00f3n del p\u00fablico o de terceros. Podemos conservar los correos electr\u00f3nicos y otra informaci\u00f3n que se nos env\u00ede para nuestros fines administrativos internos, y para ayudarnos a servir mejor a los clientes.  <\/p>\n<p><\/p>\n<p><\/p>\n<h2><strong>Comunicaciones nuestras<\/strong><\/h2>\n<p><\/p>\n<p><\/p>\n<p>Para servir mejor a nuestros clientes, podemos enviar actualizaciones que contengan informaci\u00f3n importante sobre nuestros sitios y servicios. Por ejemplo, enviamos a los nuevos miembros un mensaje de bienvenida, y verificamos la contrase\u00f1a y el nombre de usuario para nuestras \u00e1reas protegidas por contrase\u00f1a. Tambi\u00e9n podemos comunicarnos con un usuario para proporcionarle los servicios solicitados y para cuestiones relacionadas con la cuenta por correo electr\u00f3nico, tel\u00e9fono o correo ordinario.  <\/p>\n<p><\/p>\n<p><\/p>\n<h2>Cookies<\/h2>\n<p><\/p>\n<p><\/p>\n<p>Utilizamos \u00abcookies\u00bb, unos datos almacenados en el disco duro del usuario que contienen informaci\u00f3n sobre el usuario y las visitas al sitio. Las cookies benefician al usuario al requerir que se registre s\u00f3lo una vez, con lo que ahorra tiempo mientras est\u00e1 en nuestro sitio. Si los usuarios rechazan las cookies, pueden ver limitado el uso de algunas \u00e1reas de nuestro sitio. Las cookies tambi\u00e9n nos permiten rastrear y orientar los intereses de nuestros usuarios para mejorar la informaci\u00f3n contenida en nuestro sitio.   <\/p>\n<p><\/p>\n<p><\/p>\n<p>Para nuestros fines internos, podemos recopilar la fecha, la hora, el tipo de navegador y el historial de navegaci\u00f3n de los visitantes de nuestro sitio. Esta informaci\u00f3n no contiene nada que pueda identificar personalmente a los usuarios. Utilizamos esta informaci\u00f3n para nuestro an\u00e1lisis interno de tendencias y administraci\u00f3n del sistema, y para recopilar informaci\u00f3n demogr\u00e1fica general sobre nuestra base de usuarios para uso agregado.  <\/p>\n<p><\/p>\n<p><\/p>\n<h2><strong>Funciones interactivas<\/strong><\/h2>\n<p><\/p>\n<p><\/p>\n<p>Podemos ofrecer funciones interactivas y comunitarias, como un foro de debate t\u00e9cnico. Ten en cuenta que toda la informaci\u00f3n personal enviada o publicada a trav\u00e9s de estas funciones se convierte en informaci\u00f3n p\u00fablica de la que no somos responsables. <\/p>\n<p><\/p>\n<p><\/p>\n<h2><strong>Con qui\u00e9n se comparte tu informaci\u00f3n<\/strong><\/h2>\n<p><\/p>\n<p><\/p>\n<p>Salvo que se disponga lo contrario en esta pol\u00edtica de privacidad, Tharo Systems, Inc. conservar\u00e1 tu informaci\u00f3n personal y NO la compartir\u00e1 con terceros, a menos que dicha divulgaci\u00f3n sea necesaria para (a) cumplir una orden judicial u otro proceso legal; (b) proteger nuestros derechos o propiedad; o (c) hacer cumplir nuestras condiciones de servicio. Los usuarios tambi\u00e9n deben ser conscientes de que los tribunales de equidad, como los Tribunales de Quiebras de EE.UU., pueden tener autoridad en determinadas circunstancias para permitir que la informaci\u00f3n personal sea compartida o transferida a terceros sin permiso.    <\/p>\n<p><\/p>\n<p><\/p>\n<p><strong>Correcci\u00f3n\/actualizaci\u00f3n de la informaci\u00f3n personal<\/strong><br>Si la informaci\u00f3n personal identificable de un usuario cambia, ponte en contacto con<br><strong><a href=\"mailto:sales@tharo.com\">sales@easylabel.com<\/a><\/strong> para cualquier cambio en tu informaci\u00f3n.<\/p>\n<p><\/p>\n<p><\/p>\n<p>Si un usuario ya no desea recibir nuestros boletines y anuncios, debe hacer clic en el enlace de <strong>exclusi\u00f3n<\/strong> que aparece al final del correo electr\u00f3nico.<\/p>\n<p><\/p>\n<p><\/p>\n<h2>Seguridad<\/h2>\n<p><\/p>\n<p><\/p>\n<p>Tomamos precauciones razonables para proteger la informaci\u00f3n personal de nuestros usuarios y almacenarla de forma segura. Adem\u00e1s, el acceso a toda la informaci\u00f3n de nuestros usuarios, no s\u00f3lo a la informaci\u00f3n sensible mencionada anteriormente, est\u00e1 restringido. S\u00f3lo los empleados que necesitan la informaci\u00f3n para realizar un trabajo espec\u00edfico tienen acceso a la informaci\u00f3n personal identificable.  <\/p>\n<p><\/p>\n<p><\/p>\n<p>Para preguntas sobre esta declaraci\u00f3n de privacidad, las pr\u00e1cticas de este sitio o cualquier trato con Tharo Systems, Inc. env\u00eda un correo electr\u00f3nico a <strong style=\"color: var( --e-global-color-text ); font-family: var( --e-global-typography-text-font-family ), Sans-serif; text-align: var(--text-align); background-color: transparent;\"><a href=\"mailto:sales@tharo.com\" style=\"outline: 0px;\">info@easylabel.com<\/a><\/strong><\/p>\n<p><\/p>\t\t\t\t\t\t\t\t<\/div>\n\t\t\t\t<\/div>\n\t\t\t\t\t<\/div>\n\t\t\t\t<\/div>\n\t\t\t\t<\/div>\n\t\t","protected":false},"excerpt":{"rendered":"<p>Qui\u00e9nes somos Tharo Systems, Inc. reconoce la importancia de proteger la privacidad de toda la informaci\u00f3n proporcionada por los usuarios de este sitio web y los destinatarios de nuestros boletines y anuncios por correo electr\u00f3nico. Hemos creado esta pol\u00edtica con un respeto fundamental por el derecho a la privacidad de nuestros usuarios La direcci\u00f3n de&#8230;<\/p>\n","protected":false},"author":1,"featured_media":0,"parent":0,"menu_order":0,"comment_status":"closed","ping_status":"open","template":"","meta":{"_acf_changed":false,"_monsterinsights_skip_tracking":false,"_monsterinsights_sitenote_active":false,"_monsterinsights_sitenote_note":"","_monsterinsights_sitenote_category":0,"_kad_post_transparent":"","_kad_post_title":"","_kad_post_layout":"","_kad_post_sidebar_id":"","_kad_post_content_style":"","_kad_post_vertical_padding":"","_kad_post_feature":"","_kad_post_feature_position":"","_kad_post_header":false,"_kad_post_footer":false,"footnotes":""},"class_list":["post-5380","page","type-page","status-publish","hentry"],"acf":[],"yoast_head":"<!-- This site is optimized with the Yoast SEO Premium plugin v23.6 (Yoast SEO v26.9) - https:\/\/yoast.com\/product\/yoast-seo-premium-wordpress\/ -->\n<title>Pol\u00edtica de privacidad | EASYLABEL<\/title>\n<meta name=\"robots\" content=\"index, follow, max-snippet:-1, max-image-preview:large, max-video-preview:-1\" \/>\n<link rel=\"canonical\" href=\"https:\/\/easylabel.com\/es\/privacy-policy\/\" \/>\n<meta property=\"og:locale\" content=\"es_ES\" \/>\n<meta property=\"og:type\" content=\"article\" \/>\n<meta property=\"og:title\" content=\"Pol\u00edtica de privacidad\" \/>\n<meta property=\"og:description\" content=\"Qui\u00e9nes somos Tharo Systems, Inc. reconoce la importancia de proteger la privacidad de toda la informaci\u00f3n proporcionada por los usuarios de este sitio web y los destinatarios de nuestros boletines y anuncios por correo electr\u00f3nico. Hemos creado esta pol\u00edtica con un respeto fundamental por el derecho a la privacidad de nuestros usuarios La direcci\u00f3n de...\" \/>\n<meta property=\"og:url\" content=\"https:\/\/easylabel.com\/es\/privacy-policy\/\" \/>\n<meta property=\"og:site_name\" content=\"EASYLABEL\" \/>\n<meta property=\"article:modified_time\" content=\"2025-03-19T15:21:56+00:00\" \/>\n<meta name=\"twitter:card\" content=\"summary_large_image\" \/>\n<meta name=\"twitter:label1\" content=\"Tiempo de lectura\" \/>\n\t<meta name=\"twitter:data1\" content=\"4 minutos\" \/>\n<script type=\"application\/ld+json\" class=\"yoast-schema-graph\">{\"@context\":\"https:\/\/schema.org\",\"@graph\":[{\"@type\":\"WebPage\",\"@id\":\"https:\/\/easylabel.com\/es\/privacy-policy\/\",\"url\":\"https:\/\/easylabel.com\/es\/privacy-policy\/\",\"name\":\"Pol\u00edtica de privacidad | EASYLABEL\",\"isPartOf\":{\"@id\":\"https:\/\/easylabel.com\/#website\"},\"datePublished\":\"2023-06-21T13:31:20+00:00\",\"dateModified\":\"2025-03-19T15:21:56+00:00\",\"breadcrumb\":{\"@id\":\"https:\/\/easylabel.com\/es\/privacy-policy\/#breadcrumb\"},\"inLanguage\":\"es\",\"potentialAction\":[{\"@type\":\"ReadAction\",\"target\":[\"https:\/\/easylabel.com\/es\/privacy-policy\/\"]}]},{\"@type\":\"BreadcrumbList\",\"@id\":\"https:\/\/easylabel.com\/es\/privacy-policy\/#breadcrumb\",\"itemListElement\":[{\"@type\":\"ListItem\",\"position\":1,\"name\":\"Home\",\"item\":\"https:\/\/easylabel.com\/\"},{\"@type\":\"ListItem\",\"position\":2,\"name\":\"Pol\u00edtica de privacidad\"}]},{\"@type\":\"WebSite\",\"@id\":\"https:\/\/easylabel.com\/#website\",\"url\":\"https:\/\/easylabel.com\/\",\"name\":\"EASYLABEL\",\"description\":\"Labeling Experts for over 40 years\",\"publisher\":{\"@id\":\"https:\/\/easylabel.com\/#organization\"},\"potentialAction\":[{\"@type\":\"SearchAction\",\"target\":{\"@type\":\"EntryPoint\",\"urlTemplate\":\"https:\/\/easylabel.com\/?s={search_term_string}\"},\"query-input\":{\"@type\":\"PropertyValueSpecification\",\"valueRequired\":true,\"valueName\":\"search_term_string\"}}],\"inLanguage\":\"es\"},{\"@type\":\"Organization\",\"@id\":\"https:\/\/easylabel.com\/#organization\",\"name\":\"EASYLABEL\",\"url\":\"https:\/\/easylabel.com\/\",\"logo\":{\"@type\":\"ImageObject\",\"inLanguage\":\"es\",\"@id\":\"https:\/\/easylabel.com\/#\/schema\/logo\/image\/\",\"url\":\"https:\/\/easylabel.com\/wp-content\/uploads\/2023\/06\/LogoEasylabel.png\",\"contentUrl\":\"https:\/\/easylabel.com\/wp-content\/uploads\/2023\/06\/LogoEasylabel.png\",\"width\":2000,\"height\":477,\"caption\":\"EASYLABEL\"},\"image\":{\"@id\":\"https:\/\/easylabel.com\/#\/schema\/logo\/image\/\"}}]}<\/script>\n<!-- \/ Yoast SEO Premium plugin. -->","yoast_head_json":{"title":"Pol\u00edtica de privacidad | EASYLABEL","robots":{"index":"index","follow":"follow","max-snippet":"max-snippet:-1","max-image-preview":"max-image-preview:large","max-video-preview":"max-video-preview:-1"},"canonical":"https:\/\/easylabel.com\/es\/privacy-policy\/","og_locale":"es_ES","og_type":"article","og_title":"Pol\u00edtica de privacidad","og_description":"Qui\u00e9nes somos Tharo Systems, Inc. reconoce la importancia de proteger la privacidad de toda la informaci\u00f3n proporcionada por los usuarios de este sitio web y los destinatarios de nuestros boletines y anuncios por correo electr\u00f3nico. Hemos creado esta pol\u00edtica con un respeto fundamental por el derecho a la privacidad de nuestros usuarios La direcci\u00f3n de...","og_url":"https:\/\/easylabel.com\/es\/privacy-policy\/","og_site_name":"EASYLABEL","article_modified_time":"2025-03-19T15:21:56+00:00","twitter_card":"summary_large_image","twitter_misc":{"Tiempo de lectura":"4 minutos"},"schema":{"@context":"https:\/\/schema.org","@graph":[{"@type":"WebPage","@id":"https:\/\/easylabel.com\/es\/privacy-policy\/","url":"https:\/\/easylabel.com\/es\/privacy-policy\/","name":"Pol\u00edtica de privacidad | EASYLABEL","isPartOf":{"@id":"https:\/\/easylabel.com\/#website"},"datePublished":"2023-06-21T13:31:20+00:00","dateModified":"2025-03-19T15:21:56+00:00","breadcrumb":{"@id":"https:\/\/easylabel.com\/es\/privacy-policy\/#breadcrumb"},"inLanguage":"es","potentialAction":[{"@type":"ReadAction","target":["https:\/\/easylabel.com\/es\/privacy-policy\/"]}]},{"@type":"BreadcrumbList","@id":"https:\/\/easylabel.com\/es\/privacy-policy\/#breadcrumb","itemListElement":[{"@type":"ListItem","position":1,"name":"Home","item":"https:\/\/easylabel.com\/"},{"@type":"ListItem","position":2,"name":"Pol\u00edtica de privacidad"}]},{"@type":"WebSite","@id":"https:\/\/easylabel.com\/#website","url":"https:\/\/easylabel.com\/","name":"EASYLABEL","description":"Labeling Experts for over 40 years","publisher":{"@id":"https:\/\/easylabel.com\/#organization"},"potentialAction":[{"@type":"SearchAction","target":{"@type":"EntryPoint","urlTemplate":"https:\/\/easylabel.com\/?s={search_term_string}"},"query-input":{"@type":"PropertyValueSpecification","valueRequired":true,"valueName":"search_term_string"}}],"inLanguage":"es"},{"@type":"Organization","@id":"https:\/\/easylabel.com\/#organization","name":"EASYLABEL","url":"https:\/\/easylabel.com\/","logo":{"@type":"ImageObject","inLanguage":"es","@id":"https:\/\/easylabel.com\/#\/schema\/logo\/image\/","url":"https:\/\/easylabel.com\/wp-content\/uploads\/2023\/06\/LogoEasylabel.png","contentUrl":"https:\/\/easylabel.com\/wp-content\/uploads\/2023\/06\/LogoEasylabel.png","width":2000,"height":477,"caption":"EASYLABEL"},"image":{"@id":"https:\/\/easylabel.com\/#\/schema\/logo\/image\/"}}]}},"_links":{"self":[{"href":"https:\/\/easylabel.com\/es\/wp-json\/wp\/v2\/pages\/5380","targetHints":{"allow":["GET"]}}],"collection":[{"href":"https:\/\/easylabel.com\/es\/wp-json\/wp\/v2\/pages"}],"about":[{"href":"https:\/\/easylabel.com\/es\/wp-json\/wp\/v2\/types\/page"}],"author":[{"embeddable":true,"href":"https:\/\/easylabel.com\/es\/wp-json\/wp\/v2\/users\/1"}],"replies":[{"embeddable":true,"href":"https:\/\/easylabel.com\/es\/wp-json\/wp\/v2\/comments?post=5380"}],"version-history":[{"count":5,"href":"https:\/\/easylabel.com\/es\/wp-json\/wp\/v2\/pages\/5380\/revisions"}],"predecessor-version":[{"id":5401,"href":"https:\/\/easylabel.com\/es\/wp-json\/wp\/v2\/pages\/5380\/revisions\/5401"}],"wp:attachment":[{"href":"https:\/\/easylabel.com\/es\/wp-json\/wp\/v2\/media?parent=5380"}],"curies":[{"name":"wp","href":"https:\/\/api.w.org\/{rel}","templated":true}]}}